{"id":4436,"date":"2019-09-09T13:17:48","date_gmt":"2019-09-09T10:17:48","guid":{"rendered":"https:\/\/amoslaki.fi\/?page_id=4436"},"modified":"2026-03-16T10:16:02","modified_gmt":"2026-03-16T08:16:02","slug":"services","status":"publish","type":"page","link":"https:\/\/amoslaki.fi\/en\/palvelut\/","title":{"rendered":"Services"},"content":{"rendered":"\n<div class=\"et_pb_section_0 et_pb_section et_section_regular et_block_section\"><\/div><div class=\"et_pb_section_1 et_pb_section et_section_regular et_block_section\"><div class=\"et_pb_row_0 et_pb_row et_block_row\"><div class=\"et_pb_column_0 et_pb_column et_pb_column_4_4 et-last-child et_block_column et_pb_css_mix_blend_mode_passthrough\"><div class=\"et_pb_text_0 et_pb_text et_pb_bg_layout_light et_animated et_pb_module et_block_module\"><div class=\"et_pb_text_inner\"><h1><strong>Yksityisille<\/strong><\/h1>\n<\/div><\/div><\/div><\/div><div class=\"et_pb_row_1 et_pb_row et_block_row\"><div class=\"et_pb_column_1 et_pb_column et_pb_column_2_3 et_block_column et_pb_css_mix_blend_mode_passthrough\"><div class=\"et_pb_text_1 et_pb_text et_pb_bg_layout_light et_animated et_pb_module et_block_module preset--module--divi-text--f69301d9-2294-48a0-987a-20fac1fb1e69\"><div class=\"et_pb_text_inner\"><h2><span style=\"color: #003c69;\">Yleisjuridiikka<\/span><\/h2>\n<p>Henkil\u00f6iden tarpeet oikeudellisissa asioissa vaihtelevat el\u00e4m\u00e4ntilanteen mukaan. Hoidamme puolestasi asiakirjojen laadinnan ja avustamme sinua kaikissa oikeudellisissa asioissa.<\/p>\n<p>Huolehdimme sinun ja my\u00f6s yrityksesi lakiasioista.<\/p>\n<\/div><\/div><div class=\"et_pb_text_2 et_pb_text et_pb_bg_layout_light et_animated et_pb_module et_block_module preset--module--divi-text--f69301d9-2294-48a0-987a-20fac1fb1e69\"><div class=\"et_pb_text_inner\"><p>[su_button url=\"https:\/\/amoslaki.fi\/ajanvarauskalenteri\" target=\"blank\" background=\"#003c69\" color=\"#ffffff\" size=\"8\"\u00a0 radius=\"0\" icon=\"icon: calendar\" icon_color=\"#ffffff\"]Varaa ilmainen alkukartoitus[\/su_button]<\/p>\n<\/div><\/div><\/div><div class=\"et_pb_column_2 et_pb_column et_pb_column_1_3 et-last-child et_block_column et_pb_css_mix_blend_mode_passthrough\"><div class=\"et_pb_text_3 et_pb_text et_pb_bg_layout_light et_animated et_pb_module et_block_module\"><div class=\"et_pb_text_inner\"><p><span style=\"color: #003c69;\"><strong>Palveluitamme<br \/> yksityishenkil\u00f6ille<\/strong><\/span><\/p>\n<\/div><\/div><div class=\"et_pb_sidebar_0 et_pb_widget_area clearfix et_pb_widget_area_left et_pb_bg_layout_light et_pb_module et_block_module\"><div id=\"nav_menu-2\" class=\"et_pb_widget widget_nav_menu\"><div class=\"menu-yksityisille-container\"><ul id=\"menu-yksityisille\" class=\"menu\"><li id=\"menu-item-7165\" class=\"menu-item menu-item-type-post_type menu-item-object-page menu-item-7165\"><a href=\"https:\/\/amoslaki.fi\/en\/avioehtosopimus\/\">Avioehtosopimus<\/a><\/li>\n<li id=\"menu-item-7169\" class=\"menu-item menu-item-type-post_type menu-item-object-page menu-item-7169\"><a href=\"https:\/\/amoslaki.fi\/en\/edunvalvontavaltakirja\/\">Edunvalvonta<\/a><\/li>\n<li id=\"menu-item-7166\" class=\"menu-item menu-item-type-post_type menu-item-object-page menu-item-7166\"><a href=\"https:\/\/amoslaki.fi\/en\/hoitotahto\/\">Hoitotahto<\/a><\/li>\n<li id=\"menu-item-7164\" class=\"menu-item menu-item-type-post_type menu-item-object-page menu-item-7164\"><a href=\"https:\/\/amoslaki.fi\/en\/kauppakirjat\/\">Kauppakirjat<\/a><\/li>\n<li id=\"menu-item-7163\" class=\"menu-item menu-item-type-post_type menu-item-object-page menu-item-7163\"><a href=\"https:\/\/amoslaki.fi\/en\/lahjakirjat\/\">Lahjakirjat<\/a><\/li>\n<li id=\"menu-item-7173\" class=\"menu-item menu-item-type-post_type menu-item-object-page menu-item-7173\"><a href=\"https:\/\/amoslaki.fi\/en\/ositus\/\">Ositus ja aviovarallisuus<\/a><\/li>\n<li id=\"menu-item-7171\" class=\"menu-item menu-item-type-post_type menu-item-object-page menu-item-7171\"><a href=\"https:\/\/amoslaki.fi\/en\/perinnonjako\/\">Perinn\u00f6njako<\/a><\/li>\n<li id=\"menu-item-7167\" class=\"menu-item menu-item-type-post_type menu-item-object-page menu-item-7167\"><a href=\"https:\/\/amoslaki.fi\/en\/perintosuunnittelu\/\">Perint\u00f6suunnittelu<\/a><\/li>\n<li id=\"menu-item-7170\" class=\"menu-item menu-item-type-post_type menu-item-object-page menu-item-7170\"><a href=\"https:\/\/amoslaki.fi\/en\/perunkirjoitus\/\">Perunkirjoitus<\/a><\/li>\n<li id=\"menu-item-7172\" class=\"menu-item menu-item-type-post_type menu-item-object-page menu-item-7172\"><a href=\"https:\/\/amoslaki.fi\/en\/sukupolvenvaihdos\/\">Sukupolvenvaihdos<\/a><\/li>\n<li id=\"menu-item-7168\" class=\"menu-item menu-item-type-post_type menu-item-object-page menu-item-7168\"><a href=\"https:\/\/amoslaki.fi\/en\/testamentti\/\">Testamentti<\/a><\/li>\n<li id=\"menu-item-7162\" class=\"menu-item menu-item-type-post_type menu-item-object-page menu-item-7162\"><a href=\"https:\/\/amoslaki.fi\/en\/yrittajan-asiat\/\">Yritt\u00e4j\u00e4n asiat<\/a><\/li>\n<\/ul><\/div><\/div><\/div><\/div><\/div><\/div>\n","protected":false},"excerpt":{"rendered":"","protected":false},"author":13,"featured_media":0,"parent":0,"menu_order":0,"comment_status":"closed","ping_status":"closed","template":"","meta":{"_acf_changed":false,"footnotes":""},"class_list":["post-4436","page","type-page","status-publish","hentry"],"acf":[],"yoast_head":"<!-- This site is optimized with the Yoast SEO plugin v27.3 - https:\/\/yoast.com\/product\/yoast-seo-wordpress\/ -->\n<title>Palvelut &#8211; Asianajotoimisto Amos<\/title>\n<meta name=\"robots\" content=\"index, follow, max-snippet:-1, max-image-preview:large, max-video-preview:-1\" \/>\n<link rel=\"canonical\" href=\"https:\/\/amoslaki.fi\/en\/services\/\" \/>\n<meta property=\"og:locale\" content=\"en_GB\" \/>\n<meta property=\"og:type\" content=\"article\" \/>\n<meta property=\"og:title\" content=\"Palvelut &#8211; Asianajotoimisto Amos\" \/>\n<meta property=\"og:url\" content=\"https:\/\/amoslaki.fi\/en\/services\/\" \/>\n<meta property=\"og:site_name\" content=\"Asianajotoimisto Amos\" \/>\n<meta property=\"article:publisher\" content=\"https:\/\/www.facebook.com\/lakiamos\/\" \/>\n<meta property=\"article:modified_time\" content=\"2026-03-16T08:16:02+00:00\" \/>\n<meta name=\"twitter:card\" content=\"summary_large_image\" \/>\n<meta name=\"twitter:label1\" content=\"Estimated reading time\" \/>\n\t<meta name=\"twitter:data1\" content=\"1 minute\" \/>\n<script type=\"application\/ld+json\" class=\"yoast-schema-graph\">{\"@context\":\"https:\\\/\\\/schema.org\",\"@graph\":[{\"@type\":\"WebPage\",\"@id\":\"https:\\\/\\\/amoslaki.fi\\\/palvelut\\\/\",\"url\":\"https:\\\/\\\/amoslaki.fi\\\/palvelut\\\/\",\"name\":\"Palvelut &#8211; Asianajotoimisto Amos\",\"isPartOf\":{\"@id\":\"https:\\\/\\\/amoslaki.fi\\\/#website\"},\"datePublished\":\"2019-09-09T10:17:48+00:00\",\"dateModified\":\"2026-03-16T08:16:02+00:00\",\"breadcrumb\":{\"@id\":\"https:\\\/\\\/amoslaki.fi\\\/palvelut\\\/#breadcrumb\"},\"inLanguage\":\"en-GB\",\"potentialAction\":[{\"@type\":\"ReadAction\",\"target\":[\"https:\\\/\\\/amoslaki.fi\\\/palvelut\\\/\"]}]},{\"@type\":\"BreadcrumbList\",\"@id\":\"https:\\\/\\\/amoslaki.fi\\\/palvelut\\\/#breadcrumb\",\"itemListElement\":[{\"@type\":\"ListItem\",\"position\":1,\"name\":\"Home\",\"item\":\"https:\\\/\\\/amoslaki.fi\\\/\"},{\"@type\":\"ListItem\",\"position\":2,\"name\":\"Palvelut\"}]},{\"@type\":\"WebSite\",\"@id\":\"https:\\\/\\\/amoslaki.fi\\\/#website\",\"url\":\"https:\\\/\\\/amoslaki.fi\\\/\",\"name\":\"Asianajotoimisto Amos\",\"description\":\"Huolehtivaa lakipalvelua\",\"publisher\":{\"@id\":\"https:\\\/\\\/amoslaki.fi\\\/#organization\"},\"potentialAction\":[{\"@type\":\"SearchAction\",\"target\":{\"@type\":\"EntryPoint\",\"urlTemplate\":\"https:\\\/\\\/amoslaki.fi\\\/?s={search_term_string}\"},\"query-input\":{\"@type\":\"PropertyValueSpecification\",\"valueRequired\":true,\"valueName\":\"search_term_string\"}}],\"inLanguage\":\"en-GB\"},{\"@type\":\"Organization\",\"@id\":\"https:\\\/\\\/amoslaki.fi\\\/#organization\",\"name\":\"Lakiasiaintoimisto Amos\",\"url\":\"https:\\\/\\\/amoslaki.fi\\\/\",\"logo\":{\"@type\":\"ImageObject\",\"inLanguage\":\"en-GB\",\"@id\":\"https:\\\/\\\/amoslaki.fi\\\/#\\\/schema\\\/logo\\\/image\\\/\",\"url\":\"https:\\\/\\\/amoslaki.fi\\\/wp-content\\\/uploads\\\/2019\\\/11\\\/amoslaki-logo-musta-uusi.png\",\"contentUrl\":\"https:\\\/\\\/amoslaki.fi\\\/wp-content\\\/uploads\\\/2019\\\/11\\\/amoslaki-logo-musta-uusi.png\",\"width\":1223,\"height\":662,\"caption\":\"Lakiasiaintoimisto Amos\"},\"image\":{\"@id\":\"https:\\\/\\\/amoslaki.fi\\\/#\\\/schema\\\/logo\\\/image\\\/\"},\"sameAs\":[\"https:\\\/\\\/www.facebook.com\\\/lakiamos\\\/\",\"https:\\\/\\\/www.instagram.com\\\/lakiamos\\\/\",\"https:\\\/\\\/www.linkedin.com\\\/company\\\/lakiasiaintoimisto-amos-oy\\\/\"]}]}<\/script>\n<!-- \/ Yoast SEO plugin. -->","yoast_head_json":{"title":"Services \u2013 Amos Law Firm","robots":{"index":"index","follow":"follow","max-snippet":"max-snippet:-1","max-image-preview":"max-image-preview:large","max-video-preview":"max-video-preview:-1"},"canonical":"https:\/\/amoslaki.fi\/en\/services\/","og_locale":"en_GB","og_type":"article","og_title":"Palvelut &#8211; Asianajotoimisto Amos","og_url":"https:\/\/amoslaki.fi\/en\/services\/","og_site_name":"Asianajotoimisto Amos","article_publisher":"https:\/\/www.facebook.com\/lakiamos\/","article_modified_time":"2026-03-16T08:16:02+00:00","twitter_card":"summary_large_image","twitter_misc":{"Estimated reading time":"1 minute"},"schema":{"@context":"https:\/\/schema.org","@graph":[{"@type":"WebPage","@id":"https:\/\/amoslaki.fi\/palvelut\/","url":"https:\/\/amoslaki.fi\/palvelut\/","name":"Services \u2013 Amos Law Firm","isPartOf":{"@id":"https:\/\/amoslaki.fi\/#website"},"datePublished":"2019-09-09T10:17:48+00:00","dateModified":"2026-03-16T08:16:02+00:00","breadcrumb":{"@id":"https:\/\/amoslaki.fi\/palvelut\/#breadcrumb"},"inLanguage":"en-GB","potentialAction":[{"@type":"ReadAction","target":["https:\/\/amoslaki.fi\/palvelut\/"]}]},{"@type":"BreadcrumbList","@id":"https:\/\/amoslaki.fi\/palvelut\/#breadcrumb","itemListElement":[{"@type":"ListItem","position":1,"name":"Home","item":"https:\/\/amoslaki.fi\/"},{"@type":"ListItem","position":2,"name":"Palvelut"}]},{"@type":"WebSite","@id":"https:\/\/amoslaki.fi\/#website","url":"https:\/\/amoslaki.fi\/","name":"Amos Law Office","description":"Caring legal service","publisher":{"@id":"https:\/\/amoslaki.fi\/#organization"},"potentialAction":[{"@type":"SearchAction","target":{"@type":"EntryPoint","urlTemplate":"https:\/\/amoslaki.fi\/?s={search_term_string}"},"query-input":{"@type":"PropertyValueSpecification","valueRequired":true,"valueName":"search_term_string"}}],"inLanguage":"en-GB"},{"@type":"Organization","@id":"https:\/\/amoslaki.fi\/#organization","name":"Amos Law Firm","url":"https:\/\/amoslaki.fi\/","logo":{"@type":"ImageObject","inLanguage":"en-GB","@id":"https:\/\/amoslaki.fi\/#\/schema\/logo\/image\/","url":"https:\/\/amoslaki.fi\/wp-content\/uploads\/2019\/11\/amoslaki-logo-musta-uusi.png","contentUrl":"https:\/\/amoslaki.fi\/wp-content\/uploads\/2019\/11\/amoslaki-logo-musta-uusi.png","width":1223,"height":662,"caption":"Lakiasiaintoimisto Amos"},"image":{"@id":"https:\/\/amoslaki.fi\/#\/schema\/logo\/image\/"},"sameAs":["https:\/\/www.facebook.com\/lakiamos\/","https:\/\/www.instagram.com\/lakiamos\/","https:\/\/www.linkedin.com\/company\/lakiasiaintoimisto-amos-oy\/"]}]}},"_links":{"self":[{"href":"https:\/\/amoslaki.fi\/en\/wp-json\/wp\/v2\/pages\/4436","targetHints":{"allow":["GET"]}}],"collection":[{"href":"https:\/\/amoslaki.fi\/en\/wp-json\/wp\/v2\/pages"}],"about":[{"href":"https:\/\/amoslaki.fi\/en\/wp-json\/wp\/v2\/types\/page"}],"author":[{"embeddable":true,"href":"https:\/\/amoslaki.fi\/en\/wp-json\/wp\/v2\/users\/13"}],"replies":[{"embeddable":true,"href":"https:\/\/amoslaki.fi\/en\/wp-json\/wp\/v2\/comments?post=4436"}],"version-history":[{"count":3,"href":"https:\/\/amoslaki.fi\/en\/wp-json\/wp\/v2\/pages\/4436\/revisions"}],"predecessor-version":[{"id":13644,"href":"https:\/\/amoslaki.fi\/en\/wp-json\/wp\/v2\/pages\/4436\/revisions\/13644"}],"wp:attachment":[{"href":"https:\/\/amoslaki.fi\/en\/wp-json\/wp\/v2\/media?parent=4436"}],"curies":[{"name":"wp","href":"https:\/\/api.w.org\/{rel}","templated":true}]}}