{"id":4475,"date":"2019-09-09T14:29:31","date_gmt":"2019-09-09T11:29:31","guid":{"rendered":"https:\/\/amoslaki.fi\/?page_id=4475"},"modified":"2026-03-16T10:16:04","modified_gmt":"2026-03-16T08:16:04","slug":"price-list","status":"publish","type":"page","link":"https:\/\/amoslaki.fi\/en\/hinnasto\/","title":{"rendered":"Price list"},"content":{"rendered":"<div class=\"et_pb_section_0 et_pb_section et_section_regular et_block_section\"><\/div><div class=\"et_pb_section_1 et_pb_section et_section_regular et_block_section\"><div class=\"et_pb_row_0 et_pb_row et_block_row\"><div class=\"et_pb_column_0 et_pb_column et_pb_column_4_4 et-last-child et_block_column et_pb_css_mix_blend_mode_passthrough\"><div class=\"et_pb_text_0 et_pb_text et_pb_bg_layout_light et_animated et_pb_module et_block_module et_pb_text_align_center\"><div class=\"et_pb_text_inner\"><h1><strong>Price list<\/strong><\/h1>\n<\/div><\/div><\/div><\/div><div class=\"et_pb_row_1 et_pb_row et_block_row\"><div class=\"et_pb_column_1 et_pb_column et_pb_column_1_2 et_block_column et_pb_css_mix_blend_mode_passthrough\"><div class=\"et_pb_toggle_0 et_pb_toggle et_pb_toggle_item et_pb_toggle_close et_pb_module et_block_module\"><h5 class=\"et_pb_toggle_title\">Last will and testament 520\u20ac<\/h5><div class=\"et_pb_toggle_content clearfix\"><p>Includes:<\/p>\n<ul>\n<li>Negotiating the content of the will<\/li>\n<li>Memorandum of the consultation<\/li>\n<li>Making a will<\/li>\n<li>If necessary, a copy of the will or a duplicate can be kept in our office safe<\/li>\n<li>Inheritance tax clarification<\/li>\n<li>Other estate planning, such as donations<\/li>\n<li>Telephone advice afterwards<\/li>\n<li>VAT<\/li>\n<\/ul>\n<\/div><\/div><div class=\"et_pb_toggle_1 et_pb_toggle et_pb_toggle_item et_pb_toggle_close et_pb_module et_block_module\"><h5 class=\"et_pb_toggle_title\">Mutual will 595\u20ac<\/h5><div class=\"et_pb_toggle_content clearfix\"><p>Includes:<\/p>\n<ul>\n<li>Negotiating the content of the will<\/li>\n<li>Memorandum of the consultation<\/li>\n<li>Making a will<\/li>\n<li>If necessary, a copy of the will or a duplicate can be kept in our office safe<\/li>\n<li>Inheritance tax clarification<\/li>\n<li>Other estate planning, such as donations<\/li>\n<li>Telephone advice afterwards<\/li>\n<li>VAT<\/li>\n<\/ul>\n<\/div><\/div><div class=\"et_pb_toggle_2 et_pb_toggle et_pb_toggle_item et_pb_toggle_close et_pb_module et_block_module\"><h5 class=\"et_pb_toggle_title\">Guardianship power of attorney 370\u20ac<\/h5><div class=\"et_pb_toggle_content clearfix\"><p>Includes:<\/p>\n<ul>\n<li>Consultation and negotiation on the content of the power of attorney for financial and personal matters<\/li>\n<li>Drafting of the power of attorney for financial and personal matters<\/li>\n<li>Storage of the power of attorney and its duplicate in our office safe<\/li>\n<li>Telephone advice afterwards<\/li>\n<li>VAT<\/li>\n<\/ul>\n<\/div><\/div><div class=\"et_pb_toggle_3 et_pb_toggle et_pb_toggle_item et_pb_toggle_close et_pb_module et_block_module\"><h5 class=\"et_pb_toggle_title\">Guardianship power of attorney for 2 person 530\u20ac<\/h5><div class=\"et_pb_toggle_content clearfix\"><p>Includes:<\/p>\n<ul>\n<li>Consultation and negotiation on the content of power of attorney documents for financial and personal matters<\/li>\n<li>Drafting of the power of attorney for financial and personal matters<\/li>\n<li>Storage or duplicate storage in our office safe if required<\/li>\n<li>Telephone advice afterwards<\/li>\n<li>VAT<\/li>\n<\/ul>\n<\/div><\/div><div class=\"et_pb_toggle_4 et_pb_toggle et_pb_toggle_item et_pb_toggle_close et_pb_module et_block_module\"><h5 class=\"et_pb_toggle_title\">Last will and testament and guardianship power of attorney  750\u20ac<\/h5><div class=\"et_pb_toggle_content clearfix\"><p>Includes:<\/p>\n<ul>\n<li>Consultation on the content of the will and power of attorney<\/li>\n<li>Memorandum of the consultation<\/li>\n<li>Preparing documents<\/li>\n<li>Storage of duplicates in our office safe, if necessary<\/li>\n<li>Inheritance tax clarification<\/li>\n<li>Other estate planning, such as donations<\/li>\n<li>Telephone advice afterwards<\/li>\n<li>VAT<\/li>\n<\/ul>\n<\/div><\/div><div class=\"et_pb_toggle_5 et_pb_toggle et_pb_toggle_item et_pb_toggle_close et_pb_module et_block_module\"><h5 class=\"et_pb_toggle_title\">Mutual will and guardianship power of attorneys for 2 persons 900\u20ac<\/h5><div class=\"et_pb_toggle_content clearfix\"><p>Includes:<\/p>\n<ul>\n<li>Consultation on the content of wills and power of attorney documents<\/li>\n<li>Memorandum of the consultation<\/li>\n<li>Preparing documents<\/li>\n<li>Storage of duplicates in our office safe, if necessary<\/li>\n<li>Inheritance tax clarification<\/li>\n<li>Other estate planning, such as donations<\/li>\n<li>Telephone advice afterwards<\/li>\n<li>VAT<\/li>\n<\/ul>\n<\/div><\/div><div class=\"et_pb_toggle_6 et_pb_toggle et_pb_toggle_item et_pb_toggle_close et_pb_module et_block_module\"><h5 class=\"et_pb_toggle_title\">Prenuptial agreement 320\u20ac<\/h5><div class=\"et_pb_toggle_content clearfix\"><p>Includes:<\/p>\n<ul>\n<li>Negotiation and advice on the content of the prenuptial agreement<\/li>\n<li>Determining the inheritance and tax implications<\/li>\n<li>Memo and possible correspondence<\/li>\n<li>VAT<\/li>\n<\/ul>\n<\/div><\/div><div class=\"et_pb_toggle_7 et_pb_toggle et_pb_toggle_item et_pb_toggle_close et_pb_module et_block_module\"><h5 class=\"et_pb_toggle_title\">Deed of inheritace hourly rate 250\u20ac\/ hour<\/h5><div class=\"et_pb_toggle_content clearfix\"><p>The typical total cost for simple deed of inheritance is <strong>1250-1500 \u20ac<\/strong>.<\/p>\n<p>Includes:<\/p>\n<ul>\n<li>Initial consultation and meeting<\/li>\n<li>Ordering a genealogy and other documents<\/li>\n<li>Drawing up a succession certificate<\/li>\n<li>Family ceremony in our office or remotely<\/li>\n<li>Submission of the deceased's death certificate to the tax authorities<\/li>\n<li>Inheritance tax calculations<\/li>\n<li>Instructions for further action (what to do after probate)<\/li>\n<li>Includes VAT<\/li>\n<\/ul>\n<\/div><\/div><div class=\"et_pb_toggle_8 et_pb_toggle et_pb_toggle_item et_pb_toggle_close et_pb_module et_block_module\"><h5 class=\"et_pb_toggle_title\">Charge 285\u20ac\/hour + VAT<\/h5><div class=\"et_pb_toggle_content clearfix\"><p>The hourly rate is 285 \u20ac + VAT 72,68 \u20ac = total 357,68 \u20ac \/person-hour<\/p>\n<p>&nbsp;<\/p>\n<\/div><\/div><\/div><div class=\"et_pb_column_2 et_pb_column et_pb_column_1_2 et-last-child et_block_column et_pb_css_mix_blend_mode_passthrough\"><div class=\"et_pb_text_1 et_pb_text et_pb_bg_layout_light et_animated et_pb_module et_block_module\"><div class=\"et_pb_text_inner\"><p><span style=\"color: #003c69;\">You always understand what your bill consists of<\/span><\/p>\n<\/div><\/div><div class=\"et_pb_text_2 et_pb_text et_pb_bg_layout_light et_animated et_pb_module et_block_module\"><div class=\"et_pb_text_inner\"><p>You can always make your first call with us for free. We'll let you know our price estimate and when we'll start charging you for our advice. Billing will never start until it has been agreed with you. We will keep you regularly updated on the progress of the assignment and the composition of the invoice.<\/p>\n<p><span><\/span><\/p>\n<\/div><\/div><div class=\"et_pb_text_3 et_pb_text et_pb_bg_layout_light et_animated et_pb_module et_block_module\"><div class=\"et_pb_text_inner\"><p><span style=\"color: #003c69;\">Fixed price charging<\/span><\/p>\n<\/div><\/div><div class=\"et_pb_text_4 et_pb_text et_pb_bg_layout_light et_animated et_pb_module et_block_module\"><div class=\"et_pb_text_inner\"><p><span>All documents with a clear entity are fixed-price charges. Examples include a will, a deed of trust or a prenuptial agreement. <\/span><\/p>\n<\/div><\/div><div class=\"et_pb_text_5 et_pb_text et_pb_bg_layout_light et_animated et_pb_module et_block_module\"><div class=\"et_pb_text_inner\"><p><b><i>The prices in the documents are not \u201dstarting\u201d prices but final prices, including VAT.<\/i><\/b><span>.<\/span><\/p>\n<\/div><\/div><div class=\"et_pb_module et_pb_button_module_wrapper et_pb_button_0_wrapper\"><a class=\"et_pb_button_0 et_pb_button et_pb_bg_layout_light et_pb_module et_block_module\" href=\"https:\/\/amoslaki.fi\/en\/appointment-calendar\/\" target=\"_blank\" data-icon=\"\ue023\">Book a free initial assessment<\/a><\/div><div class=\"et_pb_module et_pb_button_module_wrapper et_pb_button_1_wrapper\"><a class=\"et_pb_button_1 et_pb_button et_pb_bg_layout_light et_pb_module et_block_module\" href=\"tel:+358102995090\" data-icon=\"\uf879\">Call us 010 299 5090<\/a><\/div><\/div><\/div><div class=\"et_pb_row_2 et_pb_row et_block_row\"><div class=\"et_pb_column_3 et_pb_column et_pb_column_4_4 et-last-child et_block_column et_pb_css_mix_blend_mode_passthrough\"><div class=\"et_pb_text_6 et_pb_text et_pb_bg_layout_light et_animated et_pb_module et_block_module\"><div class=\"et_pb_text_inner\"><p><span style=\"color: #003c69;\">You always understand what your bill consists of<\/span><\/p>\n<\/div><\/div><div class=\"et_pb_text_7 et_pb_text et_pb_bg_layout_light et_animated et_pb_module et_block_module\"><div class=\"et_pb_text_inner\"><p>You can always make your first call with us for free. We'll let you know our price estimate and when we'll start charging you for our advice. Billing will never start until it has been agreed with you. We will keep you regularly updated on the progress of the assignment and the composition of the invoice.<\/p>\n<p><span><\/span><\/p>\n<\/div><\/div><div class=\"et_pb_text_8 et_pb_text et_pb_bg_layout_light et_animated et_pb_module et_block_module\"><div class=\"et_pb_text_inner\"><p><span style=\"color: #003c69;\">Fixed price charging<\/span><\/p>\n<\/div><\/div><div class=\"et_pb_text_9 et_pb_text et_pb_bg_layout_light et_animated et_pb_module et_block_module\"><div class=\"et_pb_text_inner\"><p><span>All documents with a clear entity are fixed-price charges. Examples include a will, a deed of trust or a prenuptial agreement. <\/span><\/p>\n<\/div><\/div><div class=\"et_pb_text_10 et_pb_text et_pb_bg_layout_light et_animated et_pb_module et_block_module\"><div class=\"et_pb_text_inner\"><p><b><i>The prices in the documents are not \u201dstarting\u201d prices but final prices, including VAT.<\/i><\/b><span>.<\/span><\/p>\n<\/div><\/div><div class=\"et_pb_toggle_9 et_pb_toggle et_pb_toggle_item et_pb_toggle_close et_pb_module et_block_module\"><h5 class=\"et_pb_toggle_title\">Will 495\u20ac<\/h5><div class=\"et_pb_toggle_content clearfix\"><p>Includes:<\/p>\n<ul>\n<li>Negotiating the content of the will<\/li>\n<li>Memorandum of the consultation<\/li>\n<li>Making a will<\/li>\n<li>If necessary, a copy of the will or a duplicate can be kept in our office safe<\/li>\n<li>Inheritance tax clarification<\/li>\n<li>Other estate planning, such as donations<\/li>\n<li>Telephone advice afterwards<\/li>\n<li>VAT<\/li>\n<\/ul>\n<\/div><\/div><div class=\"et_pb_toggle_10 et_pb_toggle et_pb_toggle_item et_pb_toggle_close et_pb_module et_block_module\"><h5 class=\"et_pb_toggle_title\">Guardianship power of attorney 370\u20ac<\/h5><div class=\"et_pb_toggle_content clearfix\"><p>Includes:<\/p>\n<ul>\n<li>Consultation and negotiation on the content of the power of attorney for financial and personal matters<\/li>\n<li>Drafting of the power of attorney for financial and personal matters<\/li>\n<li>Storage of the power of attorney and its duplicate in our office safe<\/li>\n<li>Telephone advice afterwards<\/li>\n<li>VAT<\/li>\n<\/ul>\n<\/div><\/div><div class=\"et_pb_toggle_11 et_pb_toggle et_pb_toggle_item et_pb_toggle_close et_pb_module et_block_module\"><h5 class=\"et_pb_toggle_title\">Guardianship power of attorney for 2 person 530\u20ac<\/h5><div class=\"et_pb_toggle_content clearfix\"><p>Includes:<\/p>\n<ul>\n<li>Consultation and negotiation on the content of power of attorney documents for financial and personal matters<\/li>\n<li>Drafting of the power of attorney for financial and personal matters<\/li>\n<li>Storage or duplicate storage in our office safe if required<\/li>\n<li>Telephone advice afterwards<\/li>\n<li>VAT<\/li>\n<\/ul>\n<\/div><\/div><div class=\"et_pb_toggle_12 et_pb_toggle et_pb_toggle_item et_pb_toggle_close et_pb_module et_block_module\"><h5 class=\"et_pb_toggle_title\">Last will and testament and guardianship power of attorney  750\u20ac<\/h5><div class=\"et_pb_toggle_content clearfix\"><p>Includes:<\/p>\n<ul>\n<li>Consultation on the content of the will and power of attorney<\/li>\n<li>Memorandum of the consultation<\/li>\n<li>Preparing documents<\/li>\n<li>Storage of duplicates in our office safe, if necessary<\/li>\n<li>Inheritance tax clarification<\/li>\n<li>Other estate planning, such as donations<\/li>\n<li>Telephone advice afterwards<\/li>\n<li>VAT<\/li>\n<\/ul>\n<\/div><\/div><div class=\"et_pb_toggle_13 et_pb_toggle et_pb_toggle_item et_pb_toggle_close et_pb_module et_block_module\"><h5 class=\"et_pb_toggle_title\">Mutual will and guardianship power of attorneys for 2 persons 900\u20ac<\/h5><div class=\"et_pb_toggle_content clearfix\"><p>Includes:<\/p>\n<ul>\n<li>Consultation on the content of wills and power of attorney documents<\/li>\n<li>Memorandum of the consultation<\/li>\n<li>Preparing documents<\/li>\n<li>Storage of duplicates in our office safe, if necessary<\/li>\n<li>Inheritance tax clarification<\/li>\n<li>Other estate planning, such as donations<\/li>\n<li>Telephone advice afterwards<\/li>\n<li>VAT<\/li>\n<\/ul>\n<\/div><\/div><div class=\"et_pb_toggle_14 et_pb_toggle et_pb_toggle_item et_pb_toggle_close et_pb_module et_block_module\"><h5 class=\"et_pb_toggle_title\">Prenuptial agreement 320\u20ac<\/h5><div class=\"et_pb_toggle_content clearfix\"><p>Includes:<\/p>\n<ul>\n<li>Negotiation and advice on the content of the prenuptial agreement<\/li>\n<li>Determining the inheritance and tax implications<\/li>\n<li>Memo and possible correspondence<\/li>\n<li>VAT<\/li>\n<\/ul>\n<\/div><\/div><div class=\"et_pb_toggle_15 et_pb_toggle et_pb_toggle_item et_pb_toggle_close et_pb_module et_block_module\"><h5 class=\"et_pb_toggle_title\">Deed of inheritace hourly rate 250\u20ac\/ hour<\/h5><div class=\"et_pb_toggle_content clearfix\"><p>The typical total cost for simple deed of inheritance is <strong>1250-1500 \u20ac<\/strong>.<\/p>\n<p>Includes:<\/p>\n<ul>\n<li>Initial consultation and meeting<\/li>\n<li>Ordering a genealogy and other documents<\/li>\n<li>Drawing up a succession certificate<\/li>\n<li>Family ceremony in our office or remotely<\/li>\n<li>Submission of the deceased's death certificate to the tax authorities<\/li>\n<li>Inheritance tax calculations<\/li>\n<li>Instructions for further action (what to do after probate)<\/li>\n<li>Includes VAT<\/li>\n<\/ul>\n<\/div><\/div><div class=\"et_pb_toggle_16 et_pb_toggle et_pb_toggle_item et_pb_toggle_close et_pb_module et_block_module\"><h5 class=\"et_pb_toggle_title\">Charge 285\u20ac\/hour + VAT<\/h5><div class=\"et_pb_toggle_content clearfix\"><p>\u00a0The hourly rate is 285 \u20ac + VAT 72,68 \u20ac = total 357,68 \u20ac \/person-hour<\/p>\n<p>&nbsp;<\/p>\n<\/div><\/div><div class=\"et_pb_module et_pb_button_module_wrapper et_pb_button_2_wrapper\"><a class=\"et_pb_button_2 et_pb_button et_pb_bg_layout_light et_pb_module et_block_module\" href=\"https:\/\/amoslaki.fi\/en\/appointment-calendar\/\" target=\"_blank\" data-icon=\"\ue023\">Book a free initial assessment<\/a><\/div><div class=\"et_pb_module et_pb_button_module_wrapper et_pb_button_3_wrapper\"><a class=\"et_pb_button_3 et_pb_button et_pb_bg_layout_light et_pb_module et_block_module\" href=\"tel:+358102995090\" data-icon=\"\uf879\">Call us 010 299 5090<\/a><\/div><\/div><\/div><\/div>","protected":false},"excerpt":{"rendered":"","protected":false},"author":13,"featured_media":0,"parent":0,"menu_order":0,"comment_status":"closed","ping_status":"closed","template":"","meta":{"_acf_changed":false,"footnotes":""},"class_list":["post-4475","page","type-page","status-publish","hentry"],"acf":[],"yoast_head":"<!-- This site is optimized with the Yoast SEO plugin v27.3 - https:\/\/yoast.com\/product\/yoast-seo-wordpress\/ -->\n<title>Hinnasto | Meill\u00e4 tied\u00e4t aina mist\u00e4 maksat &#8211; Asianajotoimisto Amos<\/title>\n<meta name=\"description\" content=\"Kiinte\u00e4hintaisia veloituksia ovat kaikki asiakirjat, joissa on selke\u00e4 kokonaisuus, esimerkiksi testamentti, edunvalvontavaltakirja tai avioehto. Lue lis\u00e4\u00e4.\" \/>\n<meta name=\"robots\" content=\"index, follow, max-snippet:-1, max-image-preview:large, max-video-preview:-1\" \/>\n<link rel=\"canonical\" href=\"https:\/\/amoslaki.fi\/en\/price-list\/\" \/>\n<meta property=\"og:locale\" content=\"en_GB\" \/>\n<meta property=\"og:type\" content=\"article\" \/>\n<meta property=\"og:title\" content=\"Hinnasto | Meill\u00e4 tied\u00e4t aina mist\u00e4 maksat &#8211; Asianajotoimisto Amos\" \/>\n<meta property=\"og:description\" content=\"Kiinte\u00e4hintaisia veloituksia ovat kaikki asiakirjat, joissa on selke\u00e4 kokonaisuus, esimerkiksi testamentti, edunvalvontavaltakirja tai avioehto. Lue lis\u00e4\u00e4.\" \/>\n<meta property=\"og:url\" content=\"https:\/\/amoslaki.fi\/en\/price-list\/\" \/>\n<meta property=\"og:site_name\" content=\"Asianajotoimisto Amos\" \/>\n<meta property=\"article:publisher\" content=\"https:\/\/www.facebook.com\/lakiamos\/\" \/>\n<meta property=\"article:modified_time\" content=\"2026-03-16T08:16:04+00:00\" \/>\n<meta name=\"twitter:card\" content=\"summary_large_image\" \/>\n<meta name=\"twitter:label1\" content=\"Estimated reading time\" \/>\n\t<meta name=\"twitter:data1\" content=\"4 minutes\" \/>\n<script type=\"application\/ld+json\" class=\"yoast-schema-graph\">{\"@context\":\"https:\\\/\\\/schema.org\",\"@graph\":[{\"@type\":\"WebPage\",\"@id\":\"https:\\\/\\\/amoslaki.fi\\\/hinnasto\\\/\",\"url\":\"https:\\\/\\\/amoslaki.fi\\\/hinnasto\\\/\",\"name\":\"Hinnasto | Meill\u00e4 tied\u00e4t aina mist\u00e4 maksat &#8211; Asianajotoimisto Amos\",\"isPartOf\":{\"@id\":\"https:\\\/\\\/amoslaki.fi\\\/#website\"},\"datePublished\":\"2019-09-09T11:29:31+00:00\",\"dateModified\":\"2026-03-16T08:16:04+00:00\",\"description\":\"Kiinte\u00e4hintaisia veloituksia ovat kaikki asiakirjat, joissa on selke\u00e4 kokonaisuus, esimerkiksi testamentti, edunvalvontavaltakirja tai avioehto. Lue lis\u00e4\u00e4.\",\"breadcrumb\":{\"@id\":\"https:\\\/\\\/amoslaki.fi\\\/hinnasto\\\/#breadcrumb\"},\"inLanguage\":\"en-GB\",\"potentialAction\":[{\"@type\":\"ReadAction\",\"target\":[\"https:\\\/\\\/amoslaki.fi\\\/hinnasto\\\/\"]}]},{\"@type\":\"BreadcrumbList\",\"@id\":\"https:\\\/\\\/amoslaki.fi\\\/hinnasto\\\/#breadcrumb\",\"itemListElement\":[{\"@type\":\"ListItem\",\"position\":1,\"name\":\"Home\",\"item\":\"https:\\\/\\\/amoslaki.fi\\\/\"},{\"@type\":\"ListItem\",\"position\":2,\"name\":\"Hinnasto\"}]},{\"@type\":\"WebSite\",\"@id\":\"https:\\\/\\\/amoslaki.fi\\\/#website\",\"url\":\"https:\\\/\\\/amoslaki.fi\\\/\",\"name\":\"Asianajotoimisto Amos\",\"description\":\"Huolehtivaa lakipalvelua\",\"publisher\":{\"@id\":\"https:\\\/\\\/amoslaki.fi\\\/#organization\"},\"potentialAction\":[{\"@type\":\"SearchAction\",\"target\":{\"@type\":\"EntryPoint\",\"urlTemplate\":\"https:\\\/\\\/amoslaki.fi\\\/?s={search_term_string}\"},\"query-input\":{\"@type\":\"PropertyValueSpecification\",\"valueRequired\":true,\"valueName\":\"search_term_string\"}}],\"inLanguage\":\"en-GB\"},{\"@type\":\"Organization\",\"@id\":\"https:\\\/\\\/amoslaki.fi\\\/#organization\",\"name\":\"Lakiasiaintoimisto Amos\",\"url\":\"https:\\\/\\\/amoslaki.fi\\\/\",\"logo\":{\"@type\":\"ImageObject\",\"inLanguage\":\"en-GB\",\"@id\":\"https:\\\/\\\/amoslaki.fi\\\/#\\\/schema\\\/logo\\\/image\\\/\",\"url\":\"https:\\\/\\\/amoslaki.fi\\\/wp-content\\\/uploads\\\/2019\\\/11\\\/amoslaki-logo-musta-uusi.png\",\"contentUrl\":\"https:\\\/\\\/amoslaki.fi\\\/wp-content\\\/uploads\\\/2019\\\/11\\\/amoslaki-logo-musta-uusi.png\",\"width\":1223,\"height\":662,\"caption\":\"Lakiasiaintoimisto Amos\"},\"image\":{\"@id\":\"https:\\\/\\\/amoslaki.fi\\\/#\\\/schema\\\/logo\\\/image\\\/\"},\"sameAs\":[\"https:\\\/\\\/www.facebook.com\\\/lakiamos\\\/\",\"https:\\\/\\\/www.instagram.com\\\/lakiamos\\\/\",\"https:\\\/\\\/www.linkedin.com\\\/company\\\/lakiasiaintoimisto-amos-oy\\\/\"]}]}<\/script>\n<!-- \/ Yoast SEO plugin. -->","yoast_head_json":{"title":"Pricelist | We always know what you pay for - Amos Law Firm","description":"All documents with a clear entity, such as a will, a trust deed or a prenuptial agreement, are charged at a fixed price. Read more.","robots":{"index":"index","follow":"follow","max-snippet":"max-snippet:-1","max-image-preview":"max-image-preview:large","max-video-preview":"max-video-preview:-1"},"canonical":"https:\/\/amoslaki.fi\/en\/price-list\/","og_locale":"en_GB","og_type":"article","og_title":"Hinnasto | Meill\u00e4 tied\u00e4t aina mist\u00e4 maksat &#8211; Asianajotoimisto Amos","og_description":"Kiinte\u00e4hintaisia veloituksia ovat kaikki asiakirjat, joissa on selke\u00e4 kokonaisuus, esimerkiksi testamentti, edunvalvontavaltakirja tai avioehto. Lue lis\u00e4\u00e4.","og_url":"https:\/\/amoslaki.fi\/en\/price-list\/","og_site_name":"Asianajotoimisto Amos","article_publisher":"https:\/\/www.facebook.com\/lakiamos\/","article_modified_time":"2026-03-16T08:16:04+00:00","twitter_card":"summary_large_image","twitter_misc":{"Estimated reading time":"4 minutes"},"schema":{"@context":"https:\/\/schema.org","@graph":[{"@type":"WebPage","@id":"https:\/\/amoslaki.fi\/hinnasto\/","url":"https:\/\/amoslaki.fi\/hinnasto\/","name":"Pricelist | We always know what you pay for - Amos Law Firm","isPartOf":{"@id":"https:\/\/amoslaki.fi\/#website"},"datePublished":"2019-09-09T11:29:31+00:00","dateModified":"2026-03-16T08:16:04+00:00","description":"All documents with a clear entity, such as a will, a trust deed or a prenuptial agreement, are charged at a fixed price. Read more.","breadcrumb":{"@id":"https:\/\/amoslaki.fi\/hinnasto\/#breadcrumb"},"inLanguage":"en-GB","potentialAction":[{"@type":"ReadAction","target":["https:\/\/amoslaki.fi\/hinnasto\/"]}]},{"@type":"BreadcrumbList","@id":"https:\/\/amoslaki.fi\/hinnasto\/#breadcrumb","itemListElement":[{"@type":"ListItem","position":1,"name":"Home","item":"https:\/\/amoslaki.fi\/"},{"@type":"ListItem","position":2,"name":"Hinnasto"}]},{"@type":"WebSite","@id":"https:\/\/amoslaki.fi\/#website","url":"https:\/\/amoslaki.fi\/","name":"Amos Law Office","description":"Caring legal service","publisher":{"@id":"https:\/\/amoslaki.fi\/#organization"},"potentialAction":[{"@type":"SearchAction","target":{"@type":"EntryPoint","urlTemplate":"https:\/\/amoslaki.fi\/?s={search_term_string}"},"query-input":{"@type":"PropertyValueSpecification","valueRequired":true,"valueName":"search_term_string"}}],"inLanguage":"en-GB"},{"@type":"Organization","@id":"https:\/\/amoslaki.fi\/#organization","name":"Amos Law Firm","url":"https:\/\/amoslaki.fi\/","logo":{"@type":"ImageObject","inLanguage":"en-GB","@id":"https:\/\/amoslaki.fi\/#\/schema\/logo\/image\/","url":"https:\/\/amoslaki.fi\/wp-content\/uploads\/2019\/11\/amoslaki-logo-musta-uusi.png","contentUrl":"https:\/\/amoslaki.fi\/wp-content\/uploads\/2019\/11\/amoslaki-logo-musta-uusi.png","width":1223,"height":662,"caption":"Lakiasiaintoimisto Amos"},"image":{"@id":"https:\/\/amoslaki.fi\/#\/schema\/logo\/image\/"},"sameAs":["https:\/\/www.facebook.com\/lakiamos\/","https:\/\/www.instagram.com\/lakiamos\/","https:\/\/www.linkedin.com\/company\/lakiasiaintoimisto-amos-oy\/"]}]}},"_links":{"self":[{"href":"https:\/\/amoslaki.fi\/en\/wp-json\/wp\/v2\/pages\/4475","targetHints":{"allow":["GET"]}}],"collection":[{"href":"https:\/\/amoslaki.fi\/en\/wp-json\/wp\/v2\/pages"}],"about":[{"href":"https:\/\/amoslaki.fi\/en\/wp-json\/wp\/v2\/types\/page"}],"author":[{"embeddable":true,"href":"https:\/\/amoslaki.fi\/en\/wp-json\/wp\/v2\/users\/13"}],"replies":[{"embeddable":true,"href":"https:\/\/amoslaki.fi\/en\/wp-json\/wp\/v2\/comments?post=4475"}],"version-history":[{"count":14,"href":"https:\/\/amoslaki.fi\/en\/wp-json\/wp\/v2\/pages\/4475\/revisions"}],"predecessor-version":[{"id":13646,"href":"https:\/\/amoslaki.fi\/en\/wp-json\/wp\/v2\/pages\/4475\/revisions\/13646"}],"wp:attachment":[{"href":"https:\/\/amoslaki.fi\/en\/wp-json\/wp\/v2\/media?parent=4475"}],"curies":[{"name":"wp","href":"https:\/\/api.w.org\/{rel}","templated":true}]}}