{"id":6645,"date":"2023-03-29T13:50:29","date_gmt":"2023-03-29T10:50:29","guid":{"rendered":"https:\/\/amoslaki.fi\/?page_id=6645"},"modified":"2026-03-16T10:16:55","modified_gmt":"2026-03-16T08:16:55","slug":"a-document-of-interest","status":"publish","type":"page","link":"https:\/\/amoslaki.fi\/en\/edunvalvontavaltakirja\/","title":{"rendered":"Guardianship power of attorney"},"content":{"rendered":"<div class=\"et_pb_section_0 et_pb_section et_section_regular et_block_section\"><div class=\"et_pb_row_0 et_pb_row et_block_row\"><div class=\"et_pb_column_0 et_pb_column et_pb_column_3_5 et_block_column et_pb_css_mix_blend_mode_passthrough\"><div class=\"et_pb_text_0 et_pb_text et_pb_bg_layout_light et_pb_module et_block_module preset--module--divi-text--0e6b2603-537f-4c46-b342-f2a76e853477\"><div class=\"et_pb_text_inner\"><h1 class=\"entry-title main_title\">Guardianship power of attorney<\/h1>\n<h2 class=\"entry-title main_title\">A letter of representation and planning for the future<\/h2>\n<p>A power of attorney is a document that is absolutely linked to planning your future. A power of attorney is a way of preparing in advance for a situation in which you will not be able to manage your own financial and other affairs in the future, for example because of illness or deteriorating health.<\/p>\n<p>&nbsp;<\/p>\n<h2>If you do not do it yourself in time, the authority will arrange the representation<strong><br \/><\/strong><\/h2>\n<p>In such situations, if no guardianship document has been drawn up, the person will usually have to be appointed a guardian by decision of the authority. In this case, you may not be able to decide who will act as your guardian.<\/p>\n<p>&nbsp;<\/p>\n<h2>Mandate and benefits<\/h2>\n<p>The power of attorney offers a flexible and private alternative to public authorities. This allows you to choose your own potential guardian. A key element of a power of attorney is the trust that the person appointing the attorney has in the attorney(s), who may be more than one.<\/p>\n<p>&nbsp;<\/p>\n<h2>Election of a representative<\/h2>\n<p>One of the most important things to consider when drawing up a power of attorney is the choice of the person to act as your proxy. There are no specific qualifications required by the law on the power of attorney, but the person must be able and suitable for the job. We recommend that you choose someone you trust and know well, such as your spouse, child or friend. A person who is unfit to act as guardian may, for example, be a person who has been appointed guardian and unsuitability may be indicated by, for example, a criminal record.<\/p>\n<\/div><\/div><\/div><div class=\"et_pb_column_1 et_pb_column et_pb_column_2_5 et-last-child et_block_column et_pb_css_mix_blend_mode_passthrough\"><div class=\"et_pb_blurb_0 et_pb_blurb et_pb_bg_layout_light et_pb_blurb_position_top et_pb_module et_block_module\"><div class=\"et_pb_blurb_content\"><div class=\"et_pb_main_blurb_image\"><span class=\"et_pb_image_wrap et_pb_only_image_mode_wrap\"><img loading=\"lazy\" decoding=\"async\" src=\"https:\/\/amoslaki.fi\/wp-content\/uploads\/2020\/10\/amos-yrityksille-20203.jpg\" width=\"1920\" height=\"1140\" srcset=\"https:\/\/amoslaki.fi\/wp-content\/uploads\/2020\/10\/amos-yrityksille-20203.jpg 1920w, https:\/\/amoslaki.fi\/wp-content\/uploads\/2020\/10\/amos-yrityksille-20203-1280x760.jpg 1280w, https:\/\/amoslaki.fi\/wp-content\/uploads\/2020\/10\/amos-yrityksille-20203-980x582.jpg 980w, https:\/\/amoslaki.fi\/wp-content\/uploads\/2020\/10\/amos-yrityksille-20203-480x285.jpg 480w\" sizes=\"(min-width: 0px) and (max-width: 480px) 480px, (min-width: 481px) and (max-width: 980px) 980px, (min-width: 981px) and (max-width: 1280px) 1280px, (min-width: 1281px) 1920px, 100vw\" class=\"et-waypoint et_pb_animation_top et_pb_animation_top_tablet et_pb_animation_top_phone wp-image-8293\" alt=\"Tuula Rainto\" \/><\/span><\/div><div class=\"et_pb_blurb_container\"><div class=\"et_pb_blurb_description\"><p>Tuula Rainto, <a href=\"mailto:tuula.rainto@amoslaki.fi\">tuula.rainto@amoslaki.fi<\/a>, <a href=\"tel:0451115577\">045 111 5577<\/a><\/p>\n<\/div><\/div><\/div><\/div><div class=\"et_pb_module et_pb_button_module_wrapper et_pb_button_0_wrapper\"><a class=\"et_pb_button_0 et_pb_button et_pb_bg_layout_light et_pb_module et_block_module\" href=\"https:\/\/amoslaki.fi\/en\/appointment-calendar\/\" target=\"_blank\" data-icon=\"\ue023\">Book a free initial assessment<\/a><\/div><div class=\"et_pb_module et_pb_button_module_wrapper et_pb_button_1_wrapper\"><a class=\"et_pb_button_1 et_pb_button et_pb_bg_layout_light et_pb_module et_block_module\" href=\"tel:+358102995090\" data-icon=\"\uf879\">Call us 010 299 5090<\/a><\/div><div class=\"et_pb_testimonial_0 et_pb_testimonial et_pb_testimonial_no_image et_pb_bg_layout_light et_pb_module et_block_module\"><div class=\"et_pb_testimonial_inner\"><div class=\"et_pb_testimonial_description\"><div class=\"et_pb_testimonial_description_inner\"><div class=\"et_pb_testimonial_content\"><p>\u201dTuula handled my Power of Attorney as I had hoped, so that at some point my affairs would be handled jointly by my children. I can now focus on other things instead of worrying.\u201d<\/p>\n<\/div><\/div><div class=\"et_pb_testimonial_author\">Irja, 85 years old.<\/div><div class=\"et_pb_testimonial_meta\"><\/div><\/div><\/div><\/div><\/div><\/div><div class=\"et_pb_row_1 et_pb_row et_block_row\"><div class=\"et_pb_column_2 et_pb_column et_pb_column_4_4 et-last-child et_block_column et_pb_css_mix_blend_mode_passthrough\"><div class=\"et_pb_text_1 et_pb_text et_pb_bg_layout_light et_pb_module et_block_module preset--module--divi-text--0e6b2603-537f-4c46-b342-f2a76e853477\"><div class=\"et_pb_text_inner\"><p>&nbsp;<\/p>\n<h2>The mandate may also include the choice of an alternate mandate holder<\/h2>\n<p>The instrument of representation may include provisions on the tasks of the delegate and these tasks may also be shared between several delegates. It is also advisable to appoint an alternate and a substitute trustee to act as trustee if the trustee is temporarily or permanently unable to perform his or her duties as trustee. You can also stipulate in the trust deed that all your trustees together will take certain big decisions, such as selling your home, if this is in your best interests.<\/p>\n<p>&nbsp;<\/p>\n<h2>Contents of the letter of representation<\/h2>\n<p>A power of attorney can influence the scope of the powers of the attorney, for example by making certain major property transactions subject to authorisation. The power of attorney can also be used to influence the supervision of the delegatee's activities. If there are several proxies, it is possible to provide that they are accountable to each other. In this case, control works well.<\/p>\n<p>You should discuss the more detailed content of the power of attorney and the possibilities offered by the law with a lawyer.<\/p>\n<p>&nbsp;<\/p>\n<h2>Letter of representation and formal requirements<\/h2>\n<p>The power of attorney is subject to strict formal requirements, compliance with which is essential to ensure that the power of attorney can be subsequently validated by the Office for Digital and Population Affairs (formerly the Land Registry). The power of attorney must be signed in person in the presence of two unobstructed witnesses.<\/p>\n<p>&nbsp;<\/p>\n<h2>The instrument of representation and its enforcement<\/h2>\n<p>The authorisation under the power of attorney will only take effect once the power of attorney has been confirmed by a decision of the Office for Digital and Population Affairs. Thus, the conclusion of a power of attorney does not yet change the status of the authoriser in any way. The important thing is that the power of attorney exists and is kept in case the holder needs the help of another person to manage his or her affairs.<\/p>\n<p>&nbsp;<\/p>\n<h2>Guardianship power of attorney and Attorneys at Law Amos<\/h2>\n<p>Our office will assist you in drafting a reliable Letter of Representation. We will also keep a copy or duplicate of the document in our office safe on request. You can consult our price list <strong><a href=\"https:\/\/amoslaki.fi\/en\/price-list\/#hinta\">Here<\/a><\/strong><\/p>\n<\/div><\/div><\/div><\/div><div class=\"et_pb_row_2 et_pb_row et_block_row\"><div class=\"et_pb_column_3 et_pb_column et_pb_column_1_2 et_block_column et_pb_css_mix_blend_mode_passthrough\"><div class=\"et_pb_module et_pb_button_module_wrapper et_pb_button_2_wrapper\"><a class=\"et_pb_button_2 et_pb_button et_pb_bg_layout_light et_pb_module et_block_module\" href=\"https:\/\/amoslaki.fi\/en\/appointment-calendar\/\" target=\"_blank\" data-icon=\"\ue023\">Book a free initial assessment<\/a><\/div><\/div><div class=\"et_pb_column_4 et_pb_column et_pb_column_1_2 et-last-child et_block_column et_pb_css_mix_blend_mode_passthrough\"><div class=\"et_pb_module et_pb_button_module_wrapper et_pb_button_3_wrapper\"><a class=\"et_pb_button_3 et_pb_button et_pb_bg_layout_light et_pb_module et_block_module\" href=\"tel:+358102995090\" data-icon=\"\uf879\">Call us 010 299 5090<\/a><\/div><\/div><\/div><div class=\"et_pb_row_3 et_pb_row et_block_row\"><div class=\"et_pb_column_5 et_pb_column et_pb_column_1_2 et_block_column et_pb_css_mix_blend_mode_passthrough\"><div class=\"et_pb_blurb_1 et_pb_blurb et_pb_bg_layout_light et_pb_blurb_position_top et_pb_module et_block_module\"><div class=\"et_pb_blurb_content\"><div class=\"et_pb_main_blurb_image\"><span class=\"et_pb_image_wrap et_pb_only_image_mode_wrap\"><img loading=\"lazy\" decoding=\"async\" src=\"https:\/\/amoslaki.fi\/wp-content\/uploads\/2020\/10\/amos-yrityksille-20203.jpg\" width=\"1920\" height=\"1140\" srcset=\"https:\/\/amoslaki.fi\/wp-content\/uploads\/2020\/10\/amos-yrityksille-20203.jpg 1920w, https:\/\/amoslaki.fi\/wp-content\/uploads\/2020\/10\/amos-yrityksille-20203-1280x760.jpg 1280w, https:\/\/amoslaki.fi\/wp-content\/uploads\/2020\/10\/amos-yrityksille-20203-980x582.jpg 980w, https:\/\/amoslaki.fi\/wp-content\/uploads\/2020\/10\/amos-yrityksille-20203-480x285.jpg 480w\" sizes=\"(min-width: 0px) and (max-width: 480px) 480px, (min-width: 481px) and (max-width: 980px) 980px, (min-width: 981px) and (max-width: 1280px) 1280px, (min-width: 1281px) 1920px, 100vw\" class=\"et-waypoint et_pb_animation_top et_pb_animation_top_tablet et_pb_animation_top_phone wp-image-8293\" alt=\"Tuula Rainto\" \/><\/span><\/div><div class=\"et_pb_blurb_container\"><div class=\"et_pb_blurb_description\"><p>Tuula Rainto, <a href=\"mailto:tuula.rainto@amoslaki.fi\">tuula.rainto@amoslaki.fi<\/a>, <a href=\"tel:0451115577\">045 111 5577<\/a><\/p>\n<\/div><\/div><\/div><\/div><div class=\"et_pb_testimonial_1 et_pb_testimonial et_pb_testimonial_no_image et_pb_bg_layout_light et_pb_module et_block_module\"><div class=\"et_pb_testimonial_inner\"><div class=\"et_pb_testimonial_description\"><div class=\"et_pb_testimonial_description_inner\"><div class=\"et_pb_testimonial_content\"><p>\u201dTuula handled my Power of Attorney as I had hoped, so that at some point my affairs would be handled jointly by my children. I can now focus on other things instead of worrying.\u201d<\/p>\n<\/div><\/div><div class=\"et_pb_testimonial_author\">Irja, 85 years old.<\/div><div class=\"et_pb_testimonial_meta\"><\/div><\/div><\/div><\/div><\/div><div class=\"et_pb_column_6 et_pb_column et_pb_column_1_2 et-last-child et_block_column et_pb_column_empty et_pb_css_mix_blend_mode_passthrough\"><\/div><\/div><\/div>","protected":false},"excerpt":{"rendered":"","protected":false},"author":19,"featured_media":0,"parent":0,"menu_order":0,"comment_status":"closed","ping_status":"closed","template":"","meta":{"_acf_changed":false,"footnotes":""},"class_list":["post-6645","page","type-page","status-publish","hentry"],"acf":[],"yoast_head":"<!-- This site is optimized with the Yoast SEO plugin v27.3 - https:\/\/yoast.com\/product\/yoast-seo-wordpress\/ -->\n<title>Edunvalvontavaltakirja &#8211; Miksi tehd\u00e4 edunvalvontavaltuutus? &#8211; Asianajotoimisto Amos<\/title>\n<meta name=\"description\" content=\"Edunvalvontavaltakirjalla voit varautua tilanteeseen kun et en\u00e4\u00e4 kykene itse huolehtimaan asioistasi. Lue lis\u00e4\u00e4 sivuiltamme.\" \/>\n<meta name=\"robots\" content=\"index, follow, max-snippet:-1, max-image-preview:large, max-video-preview:-1\" \/>\n<link rel=\"canonical\" href=\"https:\/\/amoslaki.fi\/en\/a-document-of-interest\/\" \/>\n<meta property=\"og:locale\" content=\"en_GB\" \/>\n<meta property=\"og:type\" content=\"article\" \/>\n<meta property=\"og:title\" content=\"Edunvalvontavaltakirja &#8211; Miksi tehd\u00e4 edunvalvontavaltuutus? &#8211; Asianajotoimisto Amos\" \/>\n<meta property=\"og:description\" content=\"Edunvalvontavaltakirjalla voit varautua tilanteeseen kun et en\u00e4\u00e4 kykene itse huolehtimaan asioistasi. Lue lis\u00e4\u00e4 sivuiltamme.\" \/>\n<meta property=\"og:url\" content=\"https:\/\/amoslaki.fi\/en\/a-document-of-interest\/\" \/>\n<meta property=\"og:site_name\" content=\"Asianajotoimisto Amos\" \/>\n<meta property=\"article:publisher\" content=\"https:\/\/www.facebook.com\/lakiamos\/\" \/>\n<meta property=\"article:modified_time\" content=\"2026-03-16T08:16:55+00:00\" \/>\n<meta name=\"twitter:card\" content=\"summary_large_image\" \/>\n<meta name=\"twitter:label1\" content=\"Estimated reading time\" \/>\n\t<meta name=\"twitter:data1\" content=\"8 minutes\" \/>\n<script type=\"application\/ld+json\" class=\"yoast-schema-graph\">{\"@context\":\"https:\\\/\\\/schema.org\",\"@graph\":[{\"@type\":\"WebPage\",\"@id\":\"https:\\\/\\\/amoslaki.fi\\\/edunvalvontavaltakirja\\\/\",\"url\":\"https:\\\/\\\/amoslaki.fi\\\/edunvalvontavaltakirja\\\/\",\"name\":\"Edunvalvontavaltakirja &#8211; Miksi tehd\u00e4 edunvalvontavaltuutus? &#8211; Asianajotoimisto Amos\",\"isPartOf\":{\"@id\":\"https:\\\/\\\/amoslaki.fi\\\/#website\"},\"datePublished\":\"2023-03-29T10:50:29+00:00\",\"dateModified\":\"2026-03-16T08:16:55+00:00\",\"description\":\"Edunvalvontavaltakirjalla voit varautua tilanteeseen kun et en\u00e4\u00e4 kykene itse huolehtimaan asioistasi. Lue lis\u00e4\u00e4 sivuiltamme.\",\"breadcrumb\":{\"@id\":\"https:\\\/\\\/amoslaki.fi\\\/edunvalvontavaltakirja\\\/#breadcrumb\"},\"inLanguage\":\"en-GB\",\"potentialAction\":[{\"@type\":\"ReadAction\",\"target\":[\"https:\\\/\\\/amoslaki.fi\\\/edunvalvontavaltakirja\\\/\"]}]},{\"@type\":\"BreadcrumbList\",\"@id\":\"https:\\\/\\\/amoslaki.fi\\\/edunvalvontavaltakirja\\\/#breadcrumb\",\"itemListElement\":[{\"@type\":\"ListItem\",\"position\":1,\"name\":\"Home\",\"item\":\"https:\\\/\\\/amoslaki.fi\\\/\"},{\"@type\":\"ListItem\",\"position\":2,\"name\":\"Edunvalvontavaltakirja\"}]},{\"@type\":\"WebSite\",\"@id\":\"https:\\\/\\\/amoslaki.fi\\\/#website\",\"url\":\"https:\\\/\\\/amoslaki.fi\\\/\",\"name\":\"Asianajotoimisto Amos\",\"description\":\"Huolehtivaa lakipalvelua\",\"publisher\":{\"@id\":\"https:\\\/\\\/amoslaki.fi\\\/#organization\"},\"potentialAction\":[{\"@type\":\"SearchAction\",\"target\":{\"@type\":\"EntryPoint\",\"urlTemplate\":\"https:\\\/\\\/amoslaki.fi\\\/?s={search_term_string}\"},\"query-input\":{\"@type\":\"PropertyValueSpecification\",\"valueRequired\":true,\"valueName\":\"search_term_string\"}}],\"inLanguage\":\"en-GB\"},{\"@type\":\"Organization\",\"@id\":\"https:\\\/\\\/amoslaki.fi\\\/#organization\",\"name\":\"Lakiasiaintoimisto Amos\",\"url\":\"https:\\\/\\\/amoslaki.fi\\\/\",\"logo\":{\"@type\":\"ImageObject\",\"inLanguage\":\"en-GB\",\"@id\":\"https:\\\/\\\/amoslaki.fi\\\/#\\\/schema\\\/logo\\\/image\\\/\",\"url\":\"https:\\\/\\\/amoslaki.fi\\\/wp-content\\\/uploads\\\/2019\\\/11\\\/amoslaki-logo-musta-uusi.png\",\"contentUrl\":\"https:\\\/\\\/amoslaki.fi\\\/wp-content\\\/uploads\\\/2019\\\/11\\\/amoslaki-logo-musta-uusi.png\",\"width\":1223,\"height\":662,\"caption\":\"Lakiasiaintoimisto Amos\"},\"image\":{\"@id\":\"https:\\\/\\\/amoslaki.fi\\\/#\\\/schema\\\/logo\\\/image\\\/\"},\"sameAs\":[\"https:\\\/\\\/www.facebook.com\\\/lakiamos\\\/\",\"https:\\\/\\\/www.instagram.com\\\/lakiamos\\\/\",\"https:\\\/\\\/www.linkedin.com\\\/company\\\/lakiasiaintoimisto-amos-oy\\\/\"]}]}<\/script>\n<!-- \/ Yoast SEO plugin. -->","yoast_head_json":{"title":"Power of Attorney - Why make a Power of Attorney - Amos Law Firm","description":"With a power of attorney, you can prepare for a situation when you are no longer able to look after your affairs yourself. Find out more on our website.","robots":{"index":"index","follow":"follow","max-snippet":"max-snippet:-1","max-image-preview":"max-image-preview:large","max-video-preview":"max-video-preview:-1"},"canonical":"https:\/\/amoslaki.fi\/en\/a-document-of-interest\/","og_locale":"en_GB","og_type":"article","og_title":"Edunvalvontavaltakirja &#8211; Miksi tehd\u00e4 edunvalvontavaltuutus? &#8211; Asianajotoimisto Amos","og_description":"Edunvalvontavaltakirjalla voit varautua tilanteeseen kun et en\u00e4\u00e4 kykene itse huolehtimaan asioistasi. Lue lis\u00e4\u00e4 sivuiltamme.","og_url":"https:\/\/amoslaki.fi\/en\/a-document-of-interest\/","og_site_name":"Asianajotoimisto Amos","article_publisher":"https:\/\/www.facebook.com\/lakiamos\/","article_modified_time":"2026-03-16T08:16:55+00:00","twitter_card":"summary_large_image","twitter_misc":{"Estimated reading time":"8 minutes"},"schema":{"@context":"https:\/\/schema.org","@graph":[{"@type":"WebPage","@id":"https:\/\/amoslaki.fi\/edunvalvontavaltakirja\/","url":"https:\/\/amoslaki.fi\/edunvalvontavaltakirja\/","name":"Power of Attorney - Why make a Power of Attorney - Amos Law Firm","isPartOf":{"@id":"https:\/\/amoslaki.fi\/#website"},"datePublished":"2023-03-29T10:50:29+00:00","dateModified":"2026-03-16T08:16:55+00:00","description":"With a power of attorney, you can prepare for a situation when you are no longer able to look after your affairs yourself. Find out more on our website.","breadcrumb":{"@id":"https:\/\/amoslaki.fi\/edunvalvontavaltakirja\/#breadcrumb"},"inLanguage":"en-GB","potentialAction":[{"@type":"ReadAction","target":["https:\/\/amoslaki.fi\/edunvalvontavaltakirja\/"]}]},{"@type":"BreadcrumbList","@id":"https:\/\/amoslaki.fi\/edunvalvontavaltakirja\/#breadcrumb","itemListElement":[{"@type":"ListItem","position":1,"name":"Home","item":"https:\/\/amoslaki.fi\/"},{"@type":"ListItem","position":2,"name":"Edunvalvontavaltakirja"}]},{"@type":"WebSite","@id":"https:\/\/amoslaki.fi\/#website","url":"https:\/\/amoslaki.fi\/","name":"Amos Law Office","description":"Caring legal service","publisher":{"@id":"https:\/\/amoslaki.fi\/#organization"},"potentialAction":[{"@type":"SearchAction","target":{"@type":"EntryPoint","urlTemplate":"https:\/\/amoslaki.fi\/?s={search_term_string}"},"query-input":{"@type":"PropertyValueSpecification","valueRequired":true,"valueName":"search_term_string"}}],"inLanguage":"en-GB"},{"@type":"Organization","@id":"https:\/\/amoslaki.fi\/#organization","name":"Amos Law Firm","url":"https:\/\/amoslaki.fi\/","logo":{"@type":"ImageObject","inLanguage":"en-GB","@id":"https:\/\/amoslaki.fi\/#\/schema\/logo\/image\/","url":"https:\/\/amoslaki.fi\/wp-content\/uploads\/2019\/11\/amoslaki-logo-musta-uusi.png","contentUrl":"https:\/\/amoslaki.fi\/wp-content\/uploads\/2019\/11\/amoslaki-logo-musta-uusi.png","width":1223,"height":662,"caption":"Lakiasiaintoimisto Amos"},"image":{"@id":"https:\/\/amoslaki.fi\/#\/schema\/logo\/image\/"},"sameAs":["https:\/\/www.facebook.com\/lakiamos\/","https:\/\/www.instagram.com\/lakiamos\/","https:\/\/www.linkedin.com\/company\/lakiasiaintoimisto-amos-oy\/"]}]}},"_links":{"self":[{"href":"https:\/\/amoslaki.fi\/en\/wp-json\/wp\/v2\/pages\/6645","targetHints":{"allow":["GET"]}}],"collection":[{"href":"https:\/\/amoslaki.fi\/en\/wp-json\/wp\/v2\/pages"}],"about":[{"href":"https:\/\/amoslaki.fi\/en\/wp-json\/wp\/v2\/types\/page"}],"author":[{"embeddable":true,"href":"https:\/\/amoslaki.fi\/en\/wp-json\/wp\/v2\/users\/19"}],"replies":[{"embeddable":true,"href":"https:\/\/amoslaki.fi\/en\/wp-json\/wp\/v2\/comments?post=6645"}],"version-history":[{"count":8,"href":"https:\/\/amoslaki.fi\/en\/wp-json\/wp\/v2\/pages\/6645\/revisions"}],"predecessor-version":[{"id":13697,"href":"https:\/\/amoslaki.fi\/en\/wp-json\/wp\/v2\/pages\/6645\/revisions\/13697"}],"wp:attachment":[{"href":"https:\/\/amoslaki.fi\/en\/wp-json\/wp\/v2\/media?parent=6645"}],"curies":[{"name":"wp","href":"https:\/\/api.w.org\/{rel}","templated":true}]}}