{"id":6647,"date":"2025-03-03T06:00:06","date_gmt":"2025-03-03T04:00:06","guid":{"rendered":"https:\/\/amoslaki.fi\/?page_id=6647"},"modified":"2026-03-16T10:17:00","modified_gmt":"2026-03-16T08:17:00","slug":"register-of-deceased","status":"publish","type":"page","link":"https:\/\/amoslaki.fi\/en\/perunkirjoitus\/","title":{"rendered":"Deed of inventory"},"content":{"rendered":"<div class=\"et_pb_section_0 et_pb_section et_section_regular et_block_section\"><div class=\"et_pb_row_0 et_pb_row et_block_row\"><div class=\"et_pb_column_0 et_pb_column et_pb_column_1_2 et_block_column et_pb_css_mix_blend_mode_passthrough\"><div class=\"et_pb_text_0 et_pb_text et_pb_bg_layout_light et_pb_module et_block_module preset--module--divi-text--0e6b2603-537f-4c46-b342-f2a76e853477\"><div class=\"et_pb_text_inner\"><h1>Deed of inventory<\/h1>\n<p>&nbsp;<\/p>\n<p>Attorneys at Law Amos assists in preparing death estate inventories. The use of a lawyer in the death estate inventory is recommended, as a carefully prepared death estate inventory can prevent unwanted tax consequences and problems in the later distribution of the estate. <a href=\"https:\/\/amoslaki.fi\/en\/mika-is-an-heirloom\/\">Deed of inventory<\/a> must be made within 3 months of the death. The fee is an expense paid from the estate's assets.<\/p>\n<\/div><\/div><div class=\"et_pb_text_1 et_pb_text et_pb_bg_layout_light et_pb_module et_block_module preset--module--divi-text--0e6b2603-537f-4c46-b342-f2a76e853477\"><div class=\"et_pb_text_inner\"><p>We charge 250\u20ac\/hour (incl. VAT) for a succession. The typical total price for simple succession is 1250-1500 \u20ac.<\/p>\n<p>The succession includes the following steps:<\/p>\n<ul>\n<li>Initial consultation<\/li>\n<li>Ordering a genealogy and other documents<\/li>\n<li>Drawing up a succession certificate<\/li>\n<li>Official invitations to the succession<\/li>\n<li>The ceremony at our office or by video link<\/li>\n<li>Discussing inheritance taxes with you<\/li>\n<li>Acting as a trusted man in the probate process<\/li>\n<li>Submission of the deed of succession to the Tax Administration<\/li>\n<li>Further instructions for the estate<\/li>\n<\/ul>\n<p>&nbsp;<\/p>\n<\/div><\/div><\/div><div class=\"et_pb_column_1 et_pb_column et_pb_column_1_2 et-last-child et_block_column et_pb_css_mix_blend_mode_passthrough\"><div class=\"et_pb_blurb_0 et_pb_blurb et_pb_bg_layout_light et_pb_blurb_position_top et_pb_module et_block_module\"><div class=\"et_pb_blurb_content\"><div class=\"et_pb_main_blurb_image\"><span class=\"et_pb_image_wrap et_pb_only_image_mode_wrap\"><img loading=\"lazy\" decoding=\"async\" src=\"https:\/\/amoslaki.fi\/wp-content\/uploads\/2020\/10\/amos-yrityksille-20203.jpg\" width=\"1920\" height=\"1140\" srcset=\"https:\/\/amoslaki.fi\/wp-content\/uploads\/2020\/10\/amos-yrityksille-20203.jpg 1920w, https:\/\/amoslaki.fi\/wp-content\/uploads\/2020\/10\/amos-yrityksille-20203-1280x760.jpg 1280w, https:\/\/amoslaki.fi\/wp-content\/uploads\/2020\/10\/amos-yrityksille-20203-980x582.jpg 980w, https:\/\/amoslaki.fi\/wp-content\/uploads\/2020\/10\/amos-yrityksille-20203-480x285.jpg 480w\" sizes=\"(min-width: 0px) and (max-width: 480px) 480px, (min-width: 481px) and (max-width: 980px) 980px, (min-width: 981px) and (max-width: 1280px) 1280px, (min-width: 1281px) 1920px, 100vw\" class=\"et-waypoint et_pb_animation_top et_pb_animation_top_tablet et_pb_animation_top_phone wp-image-8293\" alt=\"Tuula Rainto\" \/><\/span><\/div><div class=\"et_pb_blurb_container\"><div class=\"et_pb_blurb_description\"><p>Tuula Rainto, <a href=\"mailto:tuula.rainto@amoslaki.fi\">tuula.rainto@amoslaki.fi<\/a>, <a href=\"tel:0451115577\">045 111 5577<\/a><\/p>\n<\/div><\/div><\/div><\/div><div class=\"et_pb_module et_pb_button_module_wrapper et_pb_button_0_wrapper\"><a class=\"et_pb_button_0 et_pb_button et_pb_bg_layout_light et_pb_module et_block_module\" href=\"https:\/\/amoslaki.fi\/en\/appointment-calendar\/\" target=\"_blank\" data-icon=\"\ue023\">Book a free initial assessment<\/a><\/div><div class=\"et_pb_module et_pb_button_module_wrapper et_pb_button_1_wrapper\"><a class=\"et_pb_button_1 et_pb_button et_pb_bg_layout_light et_pb_module et_block_module\" href=\"tel:+358102995090\" data-icon=\"\uf879\">Call us 010 299 5090<\/a><\/div><div class=\"et_pb_testimonial_0 et_pb_testimonial et_pb_testimonial_no_image et_pb_bg_layout_light et_pb_module et_block_module\"><div class=\"et_pb_testimonial_inner\"><div class=\"et_pb_testimonial_description\"><div class=\"et_pb_testimonial_description_inner\"><div class=\"et_pb_testimonial_content\"><p>\u201dMy grandmother's will was completed quickly. The division of labour was such that I collected the certificates myself and Amos Law Office did the probate. Amos calculated the future inheritance taxes in advance, and at the same time, I obtained the mortgages for the properties to be inherited.\u201d<\/p>\n<\/div><\/div><div class=\"et_pb_testimonial_author\">Tuomo, 48 years.<\/div><div class=\"et_pb_testimonial_meta\"><\/div><\/div><\/div><\/div><\/div><\/div><\/div>","protected":false},"excerpt":{"rendered":"","protected":false},"author":19,"featured_media":0,"parent":0,"menu_order":0,"comment_status":"closed","ping_status":"closed","template":"","meta":{"_acf_changed":false,"footnotes":""},"class_list":["post-6647","page","type-page","status-publish","hentry"],"acf":[],"yoast_head":"<!-- This site is optimized with the Yoast SEO plugin v27.3 - https:\/\/yoast.com\/product\/yoast-seo-wordpress\/ -->\n<title>Perunkirjoitus Helsinki, Espoo, Vantaa &#8211; Asianajotoimisto Amos<\/title>\n<meta name=\"description\" content=\"Perunkirjoitus on j\u00e4rjestett\u00e4v\u00e4 kolmen kuukauden kuluessa kuolemasta. Teemme perunkirjoituksen hoitamisesta mahdollisimman helppoa Sinulle. Lue lis\u00e4\u00e4.\" \/>\n<meta name=\"robots\" content=\"index, follow, max-snippet:-1, max-image-preview:large, max-video-preview:-1\" \/>\n<link rel=\"canonical\" href=\"https:\/\/amoslaki.fi\/en\/register-of-deceased\/\" \/>\n<meta property=\"og:locale\" content=\"en_GB\" \/>\n<meta property=\"og:type\" content=\"article\" \/>\n<meta property=\"og:title\" content=\"Perunkirjoitus Helsinki, Espoo, Vantaa &#8211; Asianajotoimisto Amos\" \/>\n<meta property=\"og:description\" content=\"Perunkirjoitus on j\u00e4rjestett\u00e4v\u00e4 kolmen kuukauden kuluessa kuolemasta. Teemme perunkirjoituksen hoitamisesta mahdollisimman helppoa Sinulle. Lue lis\u00e4\u00e4.\" \/>\n<meta property=\"og:url\" content=\"https:\/\/amoslaki.fi\/en\/register-of-deceased\/\" \/>\n<meta property=\"og:site_name\" content=\"Asianajotoimisto Amos\" \/>\n<meta property=\"article:publisher\" content=\"https:\/\/www.facebook.com\/lakiamos\/\" \/>\n<meta property=\"article:modified_time\" content=\"2026-03-16T08:17:00+00:00\" \/>\n<meta name=\"twitter:card\" content=\"summary_large_image\" \/>\n<meta name=\"twitter:label1\" content=\"Estimated reading time\" \/>\n\t<meta name=\"twitter:data1\" content=\"1 minute\" \/>\n<script type=\"application\/ld+json\" class=\"yoast-schema-graph\">{\"@context\":\"https:\\\/\\\/schema.org\",\"@graph\":[{\"@type\":\"WebPage\",\"@id\":\"https:\\\/\\\/amoslaki.fi\\\/perunkirjoitus\\\/\",\"url\":\"https:\\\/\\\/amoslaki.fi\\\/perunkirjoitus\\\/\",\"name\":\"Perunkirjoitus Helsinki, Espoo, Vantaa &#8211; Asianajotoimisto Amos\",\"isPartOf\":{\"@id\":\"https:\\\/\\\/amoslaki.fi\\\/#website\"},\"datePublished\":\"2025-03-03T04:00:06+00:00\",\"dateModified\":\"2026-03-16T08:17:00+00:00\",\"description\":\"Perunkirjoitus on j\u00e4rjestett\u00e4v\u00e4 kolmen kuukauden kuluessa kuolemasta. Teemme perunkirjoituksen hoitamisesta mahdollisimman helppoa Sinulle. Lue lis\u00e4\u00e4.\",\"breadcrumb\":{\"@id\":\"https:\\\/\\\/amoslaki.fi\\\/perunkirjoitus\\\/#breadcrumb\"},\"inLanguage\":\"en-GB\",\"potentialAction\":[{\"@type\":\"ReadAction\",\"target\":[\"https:\\\/\\\/amoslaki.fi\\\/perunkirjoitus\\\/\"]}]},{\"@type\":\"BreadcrumbList\",\"@id\":\"https:\\\/\\\/amoslaki.fi\\\/perunkirjoitus\\\/#breadcrumb\",\"itemListElement\":[{\"@type\":\"ListItem\",\"position\":1,\"name\":\"Home\",\"item\":\"https:\\\/\\\/amoslaki.fi\\\/\"},{\"@type\":\"ListItem\",\"position\":2,\"name\":\"Perunkirjoitus\"}]},{\"@type\":\"WebSite\",\"@id\":\"https:\\\/\\\/amoslaki.fi\\\/#website\",\"url\":\"https:\\\/\\\/amoslaki.fi\\\/\",\"name\":\"Asianajotoimisto Amos\",\"description\":\"Huolehtivaa lakipalvelua\",\"publisher\":{\"@id\":\"https:\\\/\\\/amoslaki.fi\\\/#organization\"},\"potentialAction\":[{\"@type\":\"SearchAction\",\"target\":{\"@type\":\"EntryPoint\",\"urlTemplate\":\"https:\\\/\\\/amoslaki.fi\\\/?s={search_term_string}\"},\"query-input\":{\"@type\":\"PropertyValueSpecification\",\"valueRequired\":true,\"valueName\":\"search_term_string\"}}],\"inLanguage\":\"en-GB\"},{\"@type\":\"Organization\",\"@id\":\"https:\\\/\\\/amoslaki.fi\\\/#organization\",\"name\":\"Lakiasiaintoimisto Amos\",\"url\":\"https:\\\/\\\/amoslaki.fi\\\/\",\"logo\":{\"@type\":\"ImageObject\",\"inLanguage\":\"en-GB\",\"@id\":\"https:\\\/\\\/amoslaki.fi\\\/#\\\/schema\\\/logo\\\/image\\\/\",\"url\":\"https:\\\/\\\/amoslaki.fi\\\/wp-content\\\/uploads\\\/2019\\\/11\\\/amoslaki-logo-musta-uusi.png\",\"contentUrl\":\"https:\\\/\\\/amoslaki.fi\\\/wp-content\\\/uploads\\\/2019\\\/11\\\/amoslaki-logo-musta-uusi.png\",\"width\":1223,\"height\":662,\"caption\":\"Lakiasiaintoimisto Amos\"},\"image\":{\"@id\":\"https:\\\/\\\/amoslaki.fi\\\/#\\\/schema\\\/logo\\\/image\\\/\"},\"sameAs\":[\"https:\\\/\\\/www.facebook.com\\\/lakiamos\\\/\",\"https:\\\/\\\/www.instagram.com\\\/lakiamos\\\/\",\"https:\\\/\\\/www.linkedin.com\\\/company\\\/lakiasiaintoimisto-amos-oy\\\/\"]}]}<\/script>\n<!-- \/ Yoast SEO plugin. -->","yoast_head_json":{"title":"Probate Helsinki, Espoo, Vantaa - Amos Attorneys at Law","description":"The succession must take place within three months of the death. We make it as easy as possible for you to arrange a succession. Read more.","robots":{"index":"index","follow":"follow","max-snippet":"max-snippet:-1","max-image-preview":"max-image-preview:large","max-video-preview":"max-video-preview:-1"},"canonical":"https:\/\/amoslaki.fi\/en\/register-of-deceased\/","og_locale":"en_GB","og_type":"article","og_title":"Perunkirjoitus Helsinki, Espoo, Vantaa &#8211; Asianajotoimisto Amos","og_description":"Perunkirjoitus on j\u00e4rjestett\u00e4v\u00e4 kolmen kuukauden kuluessa kuolemasta. Teemme perunkirjoituksen hoitamisesta mahdollisimman helppoa Sinulle. Lue lis\u00e4\u00e4.","og_url":"https:\/\/amoslaki.fi\/en\/register-of-deceased\/","og_site_name":"Asianajotoimisto Amos","article_publisher":"https:\/\/www.facebook.com\/lakiamos\/","article_modified_time":"2026-03-16T08:17:00+00:00","twitter_card":"summary_large_image","twitter_misc":{"Estimated reading time":"1 minute"},"schema":{"@context":"https:\/\/schema.org","@graph":[{"@type":"WebPage","@id":"https:\/\/amoslaki.fi\/perunkirjoitus\/","url":"https:\/\/amoslaki.fi\/perunkirjoitus\/","name":"Probate Helsinki, Espoo, Vantaa - Amos Attorneys at Law","isPartOf":{"@id":"https:\/\/amoslaki.fi\/#website"},"datePublished":"2025-03-03T04:00:06+00:00","dateModified":"2026-03-16T08:17:00+00:00","description":"The succession must take place within three months of the death. We make it as easy as possible for you to arrange a succession. Read more.","breadcrumb":{"@id":"https:\/\/amoslaki.fi\/perunkirjoitus\/#breadcrumb"},"inLanguage":"en-GB","potentialAction":[{"@type":"ReadAction","target":["https:\/\/amoslaki.fi\/perunkirjoitus\/"]}]},{"@type":"BreadcrumbList","@id":"https:\/\/amoslaki.fi\/perunkirjoitus\/#breadcrumb","itemListElement":[{"@type":"ListItem","position":1,"name":"Home","item":"https:\/\/amoslaki.fi\/"},{"@type":"ListItem","position":2,"name":"Perunkirjoitus"}]},{"@type":"WebSite","@id":"https:\/\/amoslaki.fi\/#website","url":"https:\/\/amoslaki.fi\/","name":"Amos Law Office","description":"Caring legal service","publisher":{"@id":"https:\/\/amoslaki.fi\/#organization"},"potentialAction":[{"@type":"SearchAction","target":{"@type":"EntryPoint","urlTemplate":"https:\/\/amoslaki.fi\/?s={search_term_string}"},"query-input":{"@type":"PropertyValueSpecification","valueRequired":true,"valueName":"search_term_string"}}],"inLanguage":"en-GB"},{"@type":"Organization","@id":"https:\/\/amoslaki.fi\/#organization","name":"Amos Law Firm","url":"https:\/\/amoslaki.fi\/","logo":{"@type":"ImageObject","inLanguage":"en-GB","@id":"https:\/\/amoslaki.fi\/#\/schema\/logo\/image\/","url":"https:\/\/amoslaki.fi\/wp-content\/uploads\/2019\/11\/amoslaki-logo-musta-uusi.png","contentUrl":"https:\/\/amoslaki.fi\/wp-content\/uploads\/2019\/11\/amoslaki-logo-musta-uusi.png","width":1223,"height":662,"caption":"Lakiasiaintoimisto Amos"},"image":{"@id":"https:\/\/amoslaki.fi\/#\/schema\/logo\/image\/"},"sameAs":["https:\/\/www.facebook.com\/lakiamos\/","https:\/\/www.instagram.com\/lakiamos\/","https:\/\/www.linkedin.com\/company\/lakiasiaintoimisto-amos-oy\/"]}]}},"_links":{"self":[{"href":"https:\/\/amoslaki.fi\/en\/wp-json\/wp\/v2\/pages\/6647","targetHints":{"allow":["GET"]}}],"collection":[{"href":"https:\/\/amoslaki.fi\/en\/wp-json\/wp\/v2\/pages"}],"about":[{"href":"https:\/\/amoslaki.fi\/en\/wp-json\/wp\/v2\/types\/page"}],"author":[{"embeddable":true,"href":"https:\/\/amoslaki.fi\/en\/wp-json\/wp\/v2\/users\/19"}],"replies":[{"embeddable":true,"href":"https:\/\/amoslaki.fi\/en\/wp-json\/wp\/v2\/comments?post=6647"}],"version-history":[{"count":13,"href":"https:\/\/amoslaki.fi\/en\/wp-json\/wp\/v2\/pages\/6647\/revisions"}],"predecessor-version":[{"id":13702,"href":"https:\/\/amoslaki.fi\/en\/wp-json\/wp\/v2\/pages\/6647\/revisions\/13702"}],"wp:attachment":[{"href":"https:\/\/amoslaki.fi\/en\/wp-json\/wp\/v2\/media?parent=6647"}],"curies":[{"name":"wp","href":"https:\/\/api.w.org\/{rel}","templated":true}]}}