{"id":6655,"date":"2020-01-30T11:59:03","date_gmt":"2020-01-30T09:59:03","guid":{"rendered":"https:\/\/amoslaki.fi\/?page_id=6655"},"modified":"2026-03-16T10:16:32","modified_gmt":"2026-03-16T08:16:32","slug":"distribution-of-inheritance","status":"publish","type":"page","link":"https:\/\/amoslaki.fi\/en\/perinnonjako\/","title":{"rendered":"Inheritance division"},"content":{"rendered":"<div class=\"et_pb_section_0 et_pb_section et_section_regular et_block_section\"><div class=\"et_pb_row_0 et_pb_row et_block_row\"><div class=\"et_pb_column_0 et_pb_column et_pb_column_3_5 et_block_column et_pb_css_mix_blend_mode_passthrough\"><div class=\"et_pb_text_0 et_pb_text et_pb_bg_layout_light et_pb_module et_block_module preset--module--divi-text--0e6b2603-537f-4c46-b342-f2a76e853477\"><div class=\"et_pb_text_inner\"><h1 class=\"entry-title main_title\">Inheritance division<\/h1>\n<h2>The distribution of the inheritance takes place after probate<\/h2>\n<p>Once the will has been drawn up, the estate can be divided. In the distribution of the estate, the property is divided between the partners named in the deceased's will. The inheritance can be divided either by agreement or by delivery.<\/p>\n<p>&nbsp;<\/p>\n<h2>Dividing your inheritance by agreement<\/h2>\n<p>The partners in the estate can agree among themselves on the distribution of the estate. A deed of distribution is always drawn up. The property distributed on the basis of the deceased's will is registered in the names of the beneficiaries. The distribution becomes binding on the partners when they all accept it and it is witnessed by two unobstructed persons.<\/p>\n<p>&nbsp;<\/p>\n<h2>Division of the estate by order of the district court<\/h2>\n<p>If the partners cannot agree on the distribution of the estate, one partner can apply to the district court for the appointment of an administrator for the estate. The administrator must be a lawyer. In the case of a distribution by the administrator, i.e. a formal distribution, the distribution deed is signed by the administrator on behalf of the partners.<\/p>\n<p>&nbsp;<\/p>\n<h2>Distribution and partitioning of inheritance<\/h2>\n<p>Before the distribution of the estate, the following must be submitted\u00a0<a href=\"https:\/\/amoslaki.fi\/en\/stratification\/\"><strong>stratification<\/strong><\/a>, if the deceased was married and did not have a prenuptial agreement.<\/p>\n<p>&nbsp;<\/p>\n<h2>Distribution of inheritance and debts<\/h2>\n<p>Before the estate is distributed, all debts are paid off. Any breach of this provision will expose the partners to personal liability and it is therefore important to ensure that the debts are paid before the distribution.<\/p>\n<\/div><\/div><\/div><div class=\"et_pb_column_1 et_pb_column et_pb_column_2_5 et-last-child et_block_column et_pb_css_mix_blend_mode_passthrough\"><div class=\"et_pb_blurb_0 et_pb_blurb et_pb_bg_layout_light et_pb_blurb_position_top et_pb_module et_block_module\"><div class=\"et_pb_blurb_content\"><div class=\"et_pb_main_blurb_image\"><span class=\"et_pb_image_wrap et_pb_only_image_mode_wrap\"><img loading=\"lazy\" decoding=\"async\" src=\"https:\/\/amoslaki.fi\/wp-content\/uploads\/2020\/10\/amos-yrityksille-20203.jpg\" width=\"1920\" height=\"1140\" srcset=\"https:\/\/amoslaki.fi\/wp-content\/uploads\/2020\/10\/amos-yrityksille-20203.jpg 1920w, https:\/\/amoslaki.fi\/wp-content\/uploads\/2020\/10\/amos-yrityksille-20203-1280x760.jpg 1280w, https:\/\/amoslaki.fi\/wp-content\/uploads\/2020\/10\/amos-yrityksille-20203-980x582.jpg 980w, https:\/\/amoslaki.fi\/wp-content\/uploads\/2020\/10\/amos-yrityksille-20203-480x285.jpg 480w\" sizes=\"(min-width: 0px) and (max-width: 480px) 480px, (min-width: 481px) and (max-width: 980px) 980px, (min-width: 981px) and (max-width: 1280px) 1280px, (min-width: 1281px) 1920px, 100vw\" class=\"et-waypoint et_pb_animation_top et_pb_animation_top_tablet et_pb_animation_top_phone wp-image-8293\" alt=\"Tuula Rainto\" \/><\/span><\/div><div class=\"et_pb_blurb_container\"><div class=\"et_pb_blurb_description\"><p>Tuula Rainto, <a href=\"mailto:tuula.rainto@amoslaki.fi\">tuula.rainto@amoslaki.fi<\/a>, <a href=\"tel:0451115577\">045 111 5577<\/a><\/p>\n<\/div><\/div><\/div><\/div><div class=\"et_pb_module et_pb_button_module_wrapper et_pb_button_0_wrapper\"><a class=\"et_pb_button_0 et_pb_button et_pb_bg_layout_light et_pb_module et_block_module\" href=\"https:\/\/amoslaki.fi\/en\/appointment-calendar\/\" target=\"_blank\" data-icon=\"\ue023\">Book a free initial assessment<\/a><\/div><div class=\"et_pb_module et_pb_button_module_wrapper et_pb_button_1_wrapper\"><a class=\"et_pb_button_1 et_pb_button et_pb_bg_layout_light et_pb_module et_block_module\" href=\"tel:+358102995090\" data-icon=\"\uf879\">Call us 010 299 5090<\/a><\/div><div class=\"et_pb_testimonial_0 et_pb_testimonial et_pb_testimonial_no_image et_pb_bg_layout_light et_pb_module et_block_module\"><div class=\"et_pb_testimonial_inner\"><div class=\"et_pb_testimonial_description\"><div class=\"et_pb_testimonial_description_inner\"><div class=\"et_pb_testimonial_content\"><p>\"My mother's estate consisted of me, my three siblings and one half-brother. My mother's will was taken as the basis for the distribution of the estate. My mother left me a summer cottage, a residential property and bank assets. We held two probate meetings at Amos Law Office, after which the inheritance was divided in a way that made sense for everyone.\"<\/p>\n<\/div><\/div><div class=\"et_pb_testimonial_author\">Auli, 56v.<\/div><div class=\"et_pb_testimonial_meta\"><\/div><\/div><\/div><\/div><\/div><\/div><div class=\"et_pb_row_1 et_pb_row et_block_row\"><div class=\"et_pb_column_2 et_pb_column et_pb_column_4_4 et-last-child et_block_column et_pb_css_mix_blend_mode_passthrough\"><div class=\"et_pb_text_1 et_pb_text et_pb_bg_layout_light et_pb_module et_block_module preset--module--divi-text--0e6b2603-537f-4c46-b342-f2a76e853477\"><div class=\"et_pb_text_inner\"><h2>Execution of the distribution of inheritance<\/h2>\n<p>Inheritance is distributed by the heirs dividing the property as they wish. The distributor, on the other hand, distributes the assets in such a way that each partner is given a share of all types of property. However, the purpose of the distribution is not necessarily to establish, for example, joint ownership. If the assets of the estate to be divided are not easily divisible, the division is carried out by selling the assets and distributing the proceeds to the heirs. Such a situation may arise, for example, if the estate's assets consist mainly of the deceased's home or summer cottage.<\/p>\n<p>&nbsp;<\/p>\n<h2>Entitlement of the surviving spouse to a share of the estate<\/h2>\n<p>A will cannot override the right of the heirs at law to a share of the estate.<\/p>\n<p>The heirs always have a right to a share in the estate after the deceased. If the deceased had children, they are his or her heirs. If the children are deceased, their children are their heirs.<\/p>\n<p>Under the law, the heir is entitled to an inheritance equal to the property to be inherited divided by the number of heirs.<\/p>\n<p>Example:<\/p>\n<p>If there are four breast heirs, the share is 1\/4. However, if the property has been left by will to someone other than the heir, the heir is still entitled to his\/her share. The legal portion is half of the inheritance, i.e. if there are four heirs, the legal portion is 1\/8 of the property to be inherited.<\/p>\n<p>&nbsp;<\/p>\n<h2>The distribution of the inheritance must be made in writing<\/h2>\n<p>The distribution of the inheritance takes effect upon signature and certification of the deed.<\/p>\n<p>&nbsp;<\/p>\n<h2>The distribution of inheritances can be criticised<\/h2>\n<p>The partners in the estate may challenge the distribution of the estate before the district court within six months of the distribution being made. The objection may be based on a formal error in the distribution, such as the absence of a signature, or on a substantive ground, such as a mistake in the distribution.<\/p>\n<p>&nbsp;<\/p>\n<h2>Succession and Amos Law Firm<\/h2>\n<p>Our office assists in contractual distributions of estates by assisting in the preparation of the deed of distribution. We also act as an administrator in the distribution of estates, if required. Call us free of charge if you have any concerns about the distribution of your estate.\u00a0<\/p>\n<\/div><\/div><\/div><\/div><div class=\"et_pb_row_2 et_pb_row et_block_row\"><div class=\"et_pb_column_3 et_pb_column et_pb_column_1_2 et_block_column et_pb_css_mix_blend_mode_passthrough\"><div class=\"et_pb_module et_pb_button_module_wrapper et_pb_button_2_wrapper\"><a class=\"et_pb_button_2 et_pb_button et_pb_bg_layout_light et_pb_module et_block_module\" href=\"https:\/\/amoslaki.fi\/en\/appointment-calendar\/\" target=\"_blank\" data-icon=\"\ue023\">Book a free initial assessment<\/a><\/div><\/div><div class=\"et_pb_column_4 et_pb_column et_pb_column_1_2 et-last-child et_block_column et_pb_css_mix_blend_mode_passthrough\"><div class=\"et_pb_module et_pb_button_module_wrapper et_pb_button_3_wrapper\"><a class=\"et_pb_button_3 et_pb_button et_pb_bg_layout_light et_pb_module et_block_module\" href=\"tel:+358102995090\" data-icon=\"\uf879\">Call us 010 299 5090<\/a><\/div><\/div><\/div><div class=\"et_pb_row_3 et_pb_row et_block_row\"><div class=\"et_pb_column_5 et_pb_column et_pb_column_1_2 et_block_column et_pb_css_mix_blend_mode_passthrough\"><div class=\"et_pb_blurb_1 et_pb_blurb et_pb_bg_layout_light et_pb_blurb_position_top et_pb_module et_block_module\"><div class=\"et_pb_blurb_content\"><div class=\"et_pb_main_blurb_image\"><span class=\"et_pb_image_wrap et_pb_only_image_mode_wrap\"><img loading=\"lazy\" decoding=\"async\" src=\"https:\/\/amoslaki.fi\/wp-content\/uploads\/2020\/10\/amos-yrityksille-20203.jpg\" width=\"1920\" height=\"1140\" srcset=\"https:\/\/amoslaki.fi\/wp-content\/uploads\/2020\/10\/amos-yrityksille-20203.jpg 1920w, https:\/\/amoslaki.fi\/wp-content\/uploads\/2020\/10\/amos-yrityksille-20203-1280x760.jpg 1280w, https:\/\/amoslaki.fi\/wp-content\/uploads\/2020\/10\/amos-yrityksille-20203-980x582.jpg 980w, https:\/\/amoslaki.fi\/wp-content\/uploads\/2020\/10\/amos-yrityksille-20203-480x285.jpg 480w\" sizes=\"(min-width: 0px) and (max-width: 480px) 480px, (min-width: 481px) and (max-width: 980px) 980px, (min-width: 981px) and (max-width: 1280px) 1280px, (min-width: 1281px) 1920px, 100vw\" class=\"et-waypoint et_pb_animation_top et_pb_animation_top_tablet et_pb_animation_top_phone wp-image-8293\" alt=\"Tuula Rainto\" \/><\/span><\/div><div class=\"et_pb_blurb_container\"><div class=\"et_pb_blurb_description\"><p>Tuula Rainto, <a href=\"mailto:tuula.rainto@amoslaki.fi\">tuula.rainto@amoslaki.fi<\/a>, <a href=\"tel:0451115577\">045 111 5577<\/a><\/p>\n<\/div><\/div><\/div><\/div><div class=\"et_pb_testimonial_1 et_pb_testimonial et_pb_testimonial_no_image et_pb_bg_layout_light et_pb_module et_block_module\"><div class=\"et_pb_testimonial_inner\"><div class=\"et_pb_testimonial_description\"><div class=\"et_pb_testimonial_description_inner\"><div class=\"et_pb_testimonial_content\"><p>\"My mother's estate consisted of me, my three siblings and one half-brother. My mother's will was taken as the basis for the distribution of the estate. My mother left me a summer cottage, a residential property and bank assets. We held two probate meetings at Amos Law Office, after which the inheritance was divided in a way that made sense for everyone.\"<\/p>\n<\/div><\/div><div class=\"et_pb_testimonial_author\">Auli, 56v.<\/div><div class=\"et_pb_testimonial_meta\"><\/div><\/div><\/div><\/div><\/div><div class=\"et_pb_column_6 et_pb_column et_pb_column_1_2 et-last-child et_block_column et_pb_column_empty et_pb_css_mix_blend_mode_passthrough\"><\/div><\/div><\/div>","protected":false},"excerpt":{"rendered":"","protected":false},"author":19,"featured_media":0,"parent":0,"menu_order":0,"comment_status":"closed","ping_status":"closed","template":"","meta":{"_acf_changed":false,"footnotes":""},"class_list":["post-6655","page","type-page","status-publish","hentry"],"acf":[],"yoast_head":"<!-- This site is optimized with the Yoast SEO plugin v27.3 - https:\/\/yoast.com\/product\/yoast-seo-wordpress\/ -->\n<title>Perinn\u00f6njako Helsinki, Espoo, Vantaa &#8211; Asianajotoimisto Amos<\/title>\n<meta name=\"description\" content=\"Kuolinpes\u00e4n osakkaille nopein ja edullisin tapa on sopia kesken\u00e4\u00e4n perinn\u00f6njaosta. Perinn\u00f6njaosta laaditaan aina perinn\u00f6njakokirja.\" \/>\n<meta name=\"robots\" content=\"index, follow, max-snippet:-1, max-image-preview:large, max-video-preview:-1\" \/>\n<link rel=\"canonical\" href=\"https:\/\/amoslaki.fi\/en\/distribution-of-inheritance\/\" \/>\n<meta property=\"og:locale\" content=\"en_GB\" \/>\n<meta property=\"og:type\" content=\"article\" \/>\n<meta property=\"og:title\" content=\"Perinn\u00f6njako Helsinki, Espoo, Vantaa &#8211; Asianajotoimisto Amos\" \/>\n<meta property=\"og:description\" content=\"Kuolinpes\u00e4n osakkaille nopein ja edullisin tapa on sopia kesken\u00e4\u00e4n perinn\u00f6njaosta. Perinn\u00f6njaosta laaditaan aina perinn\u00f6njakokirja.\" \/>\n<meta property=\"og:url\" content=\"https:\/\/amoslaki.fi\/en\/distribution-of-inheritance\/\" \/>\n<meta property=\"og:site_name\" content=\"Asianajotoimisto Amos\" \/>\n<meta property=\"article:publisher\" content=\"https:\/\/www.facebook.com\/lakiamos\/\" \/>\n<meta property=\"article:modified_time\" content=\"2026-03-16T08:16:32+00:00\" \/>\n<meta name=\"twitter:card\" content=\"summary_large_image\" \/>\n<meta name=\"twitter:label1\" content=\"Estimated reading time\" \/>\n\t<meta name=\"twitter:data1\" content=\"7 minutes\" \/>\n<script type=\"application\/ld+json\" class=\"yoast-schema-graph\">{\"@context\":\"https:\\\/\\\/schema.org\",\"@graph\":[{\"@type\":\"WebPage\",\"@id\":\"https:\\\/\\\/amoslaki.fi\\\/perinnonjako\\\/\",\"url\":\"https:\\\/\\\/amoslaki.fi\\\/perinnonjako\\\/\",\"name\":\"Perinn\u00f6njako Helsinki, Espoo, Vantaa &#8211; Asianajotoimisto Amos\",\"isPartOf\":{\"@id\":\"https:\\\/\\\/amoslaki.fi\\\/#website\"},\"datePublished\":\"2020-01-30T09:59:03+00:00\",\"dateModified\":\"2026-03-16T08:16:32+00:00\",\"description\":\"Kuolinpes\u00e4n osakkaille nopein ja edullisin tapa on sopia kesken\u00e4\u00e4n perinn\u00f6njaosta. Perinn\u00f6njaosta laaditaan aina perinn\u00f6njakokirja.\",\"breadcrumb\":{\"@id\":\"https:\\\/\\\/amoslaki.fi\\\/perinnonjako\\\/#breadcrumb\"},\"inLanguage\":\"en-GB\",\"potentialAction\":[{\"@type\":\"ReadAction\",\"target\":[\"https:\\\/\\\/amoslaki.fi\\\/perinnonjako\\\/\"]}]},{\"@type\":\"BreadcrumbList\",\"@id\":\"https:\\\/\\\/amoslaki.fi\\\/perinnonjako\\\/#breadcrumb\",\"itemListElement\":[{\"@type\":\"ListItem\",\"position\":1,\"name\":\"Home\",\"item\":\"https:\\\/\\\/amoslaki.fi\\\/\"},{\"@type\":\"ListItem\",\"position\":2,\"name\":\"Perinn\u00f6njako\"}]},{\"@type\":\"WebSite\",\"@id\":\"https:\\\/\\\/amoslaki.fi\\\/#website\",\"url\":\"https:\\\/\\\/amoslaki.fi\\\/\",\"name\":\"Asianajotoimisto Amos\",\"description\":\"Huolehtivaa lakipalvelua\",\"publisher\":{\"@id\":\"https:\\\/\\\/amoslaki.fi\\\/#organization\"},\"potentialAction\":[{\"@type\":\"SearchAction\",\"target\":{\"@type\":\"EntryPoint\",\"urlTemplate\":\"https:\\\/\\\/amoslaki.fi\\\/?s={search_term_string}\"},\"query-input\":{\"@type\":\"PropertyValueSpecification\",\"valueRequired\":true,\"valueName\":\"search_term_string\"}}],\"inLanguage\":\"en-GB\"},{\"@type\":\"Organization\",\"@id\":\"https:\\\/\\\/amoslaki.fi\\\/#organization\",\"name\":\"Lakiasiaintoimisto Amos\",\"url\":\"https:\\\/\\\/amoslaki.fi\\\/\",\"logo\":{\"@type\":\"ImageObject\",\"inLanguage\":\"en-GB\",\"@id\":\"https:\\\/\\\/amoslaki.fi\\\/#\\\/schema\\\/logo\\\/image\\\/\",\"url\":\"https:\\\/\\\/amoslaki.fi\\\/wp-content\\\/uploads\\\/2019\\\/11\\\/amoslaki-logo-musta-uusi.png\",\"contentUrl\":\"https:\\\/\\\/amoslaki.fi\\\/wp-content\\\/uploads\\\/2019\\\/11\\\/amoslaki-logo-musta-uusi.png\",\"width\":1223,\"height\":662,\"caption\":\"Lakiasiaintoimisto Amos\"},\"image\":{\"@id\":\"https:\\\/\\\/amoslaki.fi\\\/#\\\/schema\\\/logo\\\/image\\\/\"},\"sameAs\":[\"https:\\\/\\\/www.facebook.com\\\/lakiamos\\\/\",\"https:\\\/\\\/www.instagram.com\\\/lakiamos\\\/\",\"https:\\\/\\\/www.linkedin.com\\\/company\\\/lakiasiaintoimisto-amos-oy\\\/\"]}]}<\/script>\n<!-- \/ Yoast SEO plugin. -->","yoast_head_json":{"title":"Succession Helsinki, Espoo, Vantaa - Amos Attorneys at Law","description":"The quickest and cheapest way for the partners of the estate to agree on the distribution of the estate is to agree among themselves. A deed of distribution is always drawn up.","robots":{"index":"index","follow":"follow","max-snippet":"max-snippet:-1","max-image-preview":"max-image-preview:large","max-video-preview":"max-video-preview:-1"},"canonical":"https:\/\/amoslaki.fi\/en\/distribution-of-inheritance\/","og_locale":"en_GB","og_type":"article","og_title":"Perinn\u00f6njako Helsinki, Espoo, Vantaa &#8211; Asianajotoimisto Amos","og_description":"Kuolinpes\u00e4n osakkaille nopein ja edullisin tapa on sopia kesken\u00e4\u00e4n perinn\u00f6njaosta. Perinn\u00f6njaosta laaditaan aina perinn\u00f6njakokirja.","og_url":"https:\/\/amoslaki.fi\/en\/distribution-of-inheritance\/","og_site_name":"Asianajotoimisto Amos","article_publisher":"https:\/\/www.facebook.com\/lakiamos\/","article_modified_time":"2026-03-16T08:16:32+00:00","twitter_card":"summary_large_image","twitter_misc":{"Estimated reading time":"7 minutes"},"schema":{"@context":"https:\/\/schema.org","@graph":[{"@type":"WebPage","@id":"https:\/\/amoslaki.fi\/perinnonjako\/","url":"https:\/\/amoslaki.fi\/perinnonjako\/","name":"Succession Helsinki, Espoo, Vantaa - Amos Attorneys at Law","isPartOf":{"@id":"https:\/\/amoslaki.fi\/#website"},"datePublished":"2020-01-30T09:59:03+00:00","dateModified":"2026-03-16T08:16:32+00:00","description":"The quickest and cheapest way for the partners of the estate to agree on the distribution of the estate is to agree among themselves. A deed of distribution is always drawn up.","breadcrumb":{"@id":"https:\/\/amoslaki.fi\/perinnonjako\/#breadcrumb"},"inLanguage":"en-GB","potentialAction":[{"@type":"ReadAction","target":["https:\/\/amoslaki.fi\/perinnonjako\/"]}]},{"@type":"BreadcrumbList","@id":"https:\/\/amoslaki.fi\/perinnonjako\/#breadcrumb","itemListElement":[{"@type":"ListItem","position":1,"name":"Home","item":"https:\/\/amoslaki.fi\/"},{"@type":"ListItem","position":2,"name":"Perinn\u00f6njako"}]},{"@type":"WebSite","@id":"https:\/\/amoslaki.fi\/#website","url":"https:\/\/amoslaki.fi\/","name":"Amos Law Office","description":"Caring legal service","publisher":{"@id":"https:\/\/amoslaki.fi\/#organization"},"potentialAction":[{"@type":"SearchAction","target":{"@type":"EntryPoint","urlTemplate":"https:\/\/amoslaki.fi\/?s={search_term_string}"},"query-input":{"@type":"PropertyValueSpecification","valueRequired":true,"valueName":"search_term_string"}}],"inLanguage":"en-GB"},{"@type":"Organization","@id":"https:\/\/amoslaki.fi\/#organization","name":"Amos Law Firm","url":"https:\/\/amoslaki.fi\/","logo":{"@type":"ImageObject","inLanguage":"en-GB","@id":"https:\/\/amoslaki.fi\/#\/schema\/logo\/image\/","url":"https:\/\/amoslaki.fi\/wp-content\/uploads\/2019\/11\/amoslaki-logo-musta-uusi.png","contentUrl":"https:\/\/amoslaki.fi\/wp-content\/uploads\/2019\/11\/amoslaki-logo-musta-uusi.png","width":1223,"height":662,"caption":"Lakiasiaintoimisto Amos"},"image":{"@id":"https:\/\/amoslaki.fi\/#\/schema\/logo\/image\/"},"sameAs":["https:\/\/www.facebook.com\/lakiamos\/","https:\/\/www.instagram.com\/lakiamos\/","https:\/\/www.linkedin.com\/company\/lakiasiaintoimisto-amos-oy\/"]}]}},"_links":{"self":[{"href":"https:\/\/amoslaki.fi\/en\/wp-json\/wp\/v2\/pages\/6655","targetHints":{"allow":["GET"]}}],"collection":[{"href":"https:\/\/amoslaki.fi\/en\/wp-json\/wp\/v2\/pages"}],"about":[{"href":"https:\/\/amoslaki.fi\/en\/wp-json\/wp\/v2\/types\/page"}],"author":[{"embeddable":true,"href":"https:\/\/amoslaki.fi\/en\/wp-json\/wp\/v2\/users\/19"}],"replies":[{"embeddable":true,"href":"https:\/\/amoslaki.fi\/en\/wp-json\/wp\/v2\/comments?post=6655"}],"version-history":[{"count":6,"href":"https:\/\/amoslaki.fi\/en\/wp-json\/wp\/v2\/pages\/6655\/revisions"}],"predecessor-version":[{"id":13674,"href":"https:\/\/amoslaki.fi\/en\/wp-json\/wp\/v2\/pages\/6655\/revisions\/13674"}],"wp:attachment":[{"href":"https:\/\/amoslaki.fi\/en\/wp-json\/wp\/v2\/media?parent=6655"}],"curies":[{"name":"wp","href":"https:\/\/api.w.org\/{rel}","templated":true}]}}