{"id":6659,"date":"2020-01-30T11:58:22","date_gmt":"2020-01-30T09:58:22","guid":{"rendered":"https:\/\/amoslaki.fi\/?page_id=6659"},"modified":"2026-03-16T10:16:30","modified_gmt":"2026-03-16T08:16:30","slug":"prenuptial-agreement","status":"publish","type":"page","link":"https:\/\/amoslaki.fi\/en\/avioehtosopimus\/","title":{"rendered":"Prenuptial agreement"},"content":{"rendered":"<div class=\"et_pb_section_0 et_pb_section et_section_regular et_block_section\"><div class=\"et_pb_row_0 et_pb_row et_block_row\"><div class=\"et_pb_column_0 et_pb_column et_pb_column_3_5 et_block_column et_pb_css_mix_blend_mode_passthrough\"><div class=\"et_pb_text_0 et_pb_text et_pb_bg_layout_light et_pb_module et_block_module preset--module--divi-text--f69301d9-2294-48a0-987a-20fac1fb1e69\"><div class=\"et_pb_text_inner\"><h1>Prenuptial agreement<\/h1>\n<p>A marriage ends either with the death of the spouse or divorce. Marriage or registered partnership has important property consequences. The main concept determining the economic status of the spouses is matrimonial property law, the importance of which becomes clear at the end of the marriage.<\/p>\n<p>&nbsp;<\/p>\n<h3>Exclusion of the right to marry \/ Prenuptial agreement<\/h3>\n<p><a href=\"https:\/\/amoslaki.fi\/en\/prenup\/\">Marriage contract<\/a> it is possible to exclude the right to divorce in whole or even in part. If the marriage contract is completely exclusive for both spouses, there will be no division at the end of the marriage, but a separation of property. In this case, neither spouse pays the other a settlement, but each spouse keeps his or her own property even after the marriage has ended.<\/p>\n<p>A prenuptial agreement can be unilateral or mutual.<\/p>\n<\/div><\/div><\/div><div class=\"et_pb_column_1 et_pb_column et_pb_column_2_5 et-last-child et_block_column et_pb_css_mix_blend_mode_passthrough\"><div class=\"et_pb_blurb_0 et_pb_blurb et_pb_bg_layout_light et_pb_blurb_position_top et_pb_module et_block_module\"><div class=\"et_pb_blurb_content\"><div class=\"et_pb_main_blurb_image\"><span class=\"et_pb_image_wrap et_pb_only_image_mode_wrap\"><img loading=\"lazy\" decoding=\"async\" src=\"https:\/\/amoslaki.fi\/wp-content\/uploads\/2020\/10\/amos-yrityksille-20203.jpg\" width=\"1920\" height=\"1140\" srcset=\"https:\/\/amoslaki.fi\/wp-content\/uploads\/2020\/10\/amos-yrityksille-20203.jpg 1920w, https:\/\/amoslaki.fi\/wp-content\/uploads\/2020\/10\/amos-yrityksille-20203-1280x760.jpg 1280w, https:\/\/amoslaki.fi\/wp-content\/uploads\/2020\/10\/amos-yrityksille-20203-980x582.jpg 980w, https:\/\/amoslaki.fi\/wp-content\/uploads\/2020\/10\/amos-yrityksille-20203-480x285.jpg 480w\" sizes=\"(min-width: 0px) and (max-width: 480px) 480px, (min-width: 481px) and (max-width: 980px) 980px, (min-width: 981px) and (max-width: 1280px) 1280px, (min-width: 1281px) 1920px, 100vw\" class=\"et-waypoint et_pb_animation_top et_pb_animation_top_tablet et_pb_animation_top_phone wp-image-8293\" alt=\"Tuula Rainto\" \/><\/span><\/div><div class=\"et_pb_blurb_container\"><div class=\"et_pb_blurb_description\"><p>Tuula Rainto, <a href=\"mailto:tuula.rainto@amoslaki.fi\">tuula.rainto@amoslaki.fi<\/a>, <a href=\"tel:0451115577\">045 111 5577<\/a><\/p>\n<\/div><\/div><\/div><\/div><div class=\"et_pb_module et_pb_button_module_wrapper et_pb_button_0_wrapper\"><a class=\"et_pb_button_0 et_pb_button et_pb_bg_layout_light et_pb_module et_block_module\" href=\"https:\/\/amoslaki.fi\/en\/appointment-calendar\/\" target=\"_blank\" data-icon=\"\ue023\">Book a free initial assessment<\/a><\/div><div class=\"et_pb_module et_pb_button_module_wrapper et_pb_button_1_wrapper\"><a class=\"et_pb_button_1 et_pb_button et_pb_bg_layout_light et_pb_module et_block_module\" href=\"tel:+358102995090\" data-icon=\"\uf879\">Call us 010 299 5090<\/a><\/div><div class=\"et_pb_testimonial_0 et_pb_testimonial et_pb_testimonial_no_image et_pb_bg_layout_light et_pb_module et_block_module\"><div class=\"et_pb_testimonial_inner\"><div class=\"et_pb_testimonial_description\"><div class=\"et_pb_testimonial_description_inner\"><div class=\"et_pb_testimonial_content\"><p>\u201dWhen we got married, we made a prenuptial agreement and Tuula also took care of registering the document at the registry office.\u201d<\/p>\n<\/div><\/div><div class=\"et_pb_testimonial_author\">Taina, 50 yrs. and Kari, 47 yrs.<\/div><div class=\"et_pb_testimonial_meta\"><\/div><\/div><\/div><\/div><\/div><\/div><\/div>","protected":false},"excerpt":{"rendered":"","protected":false},"author":19,"featured_media":0,"parent":0,"menu_order":0,"comment_status":"closed","ping_status":"closed","template":"","meta":{"_acf_changed":false,"footnotes":""},"class_list":["post-6659","page","type-page","status-publish","hentry"],"acf":[],"yoast_head":"<!-- This site is optimized with the Yoast SEO plugin v27.3 - https:\/\/yoast.com\/product\/yoast-seo-wordpress\/ -->\n<title>Avioehtosopimus &#8211; Miksi tehd\u00e4 avioehto? &#8211; Asianajotoimisto Amos<\/title>\n<meta name=\"description\" content=\"Auttamme tekem\u00e4\u00e4n ja rekister\u00f6im\u00e4\u00e4n avioehtosopimukset edullisesti ja ammattitaidolla. Avioehto kiinte\u00e4\u00e4n hintaan. Lue lis\u00e4\u00e4 sivuiltamme.\" \/>\n<meta name=\"robots\" content=\"index, follow, max-snippet:-1, max-image-preview:large, max-video-preview:-1\" \/>\n<link rel=\"canonical\" href=\"https:\/\/amoslaki.fi\/en\/prenuptial-agreement\/\" \/>\n<meta property=\"og:locale\" content=\"en_GB\" \/>\n<meta property=\"og:type\" content=\"article\" \/>\n<meta property=\"og:title\" content=\"Avioehtosopimus &#8211; Miksi tehd\u00e4 avioehto? &#8211; Asianajotoimisto Amos\" \/>\n<meta property=\"og:description\" content=\"Auttamme tekem\u00e4\u00e4n ja rekister\u00f6im\u00e4\u00e4n avioehtosopimukset edullisesti ja ammattitaidolla. Avioehto kiinte\u00e4\u00e4n hintaan. Lue lis\u00e4\u00e4 sivuiltamme.\" \/>\n<meta property=\"og:url\" content=\"https:\/\/amoslaki.fi\/en\/prenuptial-agreement\/\" \/>\n<meta property=\"og:site_name\" content=\"Asianajotoimisto Amos\" \/>\n<meta property=\"article:publisher\" content=\"https:\/\/www.facebook.com\/lakiamos\/\" \/>\n<meta property=\"article:modified_time\" content=\"2026-03-16T08:16:30+00:00\" \/>\n<meta name=\"twitter:card\" content=\"summary_large_image\" \/>\n<meta name=\"twitter:label1\" content=\"Estimated reading time\" \/>\n\t<meta name=\"twitter:data1\" content=\"2 minutes\" \/>\n<script type=\"application\/ld+json\" class=\"yoast-schema-graph\">{\"@context\":\"https:\\\/\\\/schema.org\",\"@graph\":[{\"@type\":\"WebPage\",\"@id\":\"https:\\\/\\\/amoslaki.fi\\\/avioehtosopimus\\\/\",\"url\":\"https:\\\/\\\/amoslaki.fi\\\/avioehtosopimus\\\/\",\"name\":\"Avioehtosopimus &#8211; Miksi tehd\u00e4 avioehto? &#8211; Asianajotoimisto Amos\",\"isPartOf\":{\"@id\":\"https:\\\/\\\/amoslaki.fi\\\/#website\"},\"datePublished\":\"2020-01-30T09:58:22+00:00\",\"dateModified\":\"2026-03-16T08:16:30+00:00\",\"description\":\"Auttamme tekem\u00e4\u00e4n ja rekister\u00f6im\u00e4\u00e4n avioehtosopimukset edullisesti ja ammattitaidolla. Avioehto kiinte\u00e4\u00e4n hintaan. Lue lis\u00e4\u00e4 sivuiltamme.\",\"breadcrumb\":{\"@id\":\"https:\\\/\\\/amoslaki.fi\\\/avioehtosopimus\\\/#breadcrumb\"},\"inLanguage\":\"en-GB\",\"potentialAction\":[{\"@type\":\"ReadAction\",\"target\":[\"https:\\\/\\\/amoslaki.fi\\\/avioehtosopimus\\\/\"]}]},{\"@type\":\"BreadcrumbList\",\"@id\":\"https:\\\/\\\/amoslaki.fi\\\/avioehtosopimus\\\/#breadcrumb\",\"itemListElement\":[{\"@type\":\"ListItem\",\"position\":1,\"name\":\"Home\",\"item\":\"https:\\\/\\\/amoslaki.fi\\\/\"},{\"@type\":\"ListItem\",\"position\":2,\"name\":\"Avioehtosopimus\"}]},{\"@type\":\"WebSite\",\"@id\":\"https:\\\/\\\/amoslaki.fi\\\/#website\",\"url\":\"https:\\\/\\\/amoslaki.fi\\\/\",\"name\":\"Asianajotoimisto Amos\",\"description\":\"Huolehtivaa lakipalvelua\",\"publisher\":{\"@id\":\"https:\\\/\\\/amoslaki.fi\\\/#organization\"},\"potentialAction\":[{\"@type\":\"SearchAction\",\"target\":{\"@type\":\"EntryPoint\",\"urlTemplate\":\"https:\\\/\\\/amoslaki.fi\\\/?s={search_term_string}\"},\"query-input\":{\"@type\":\"PropertyValueSpecification\",\"valueRequired\":true,\"valueName\":\"search_term_string\"}}],\"inLanguage\":\"en-GB\"},{\"@type\":\"Organization\",\"@id\":\"https:\\\/\\\/amoslaki.fi\\\/#organization\",\"name\":\"Lakiasiaintoimisto Amos\",\"url\":\"https:\\\/\\\/amoslaki.fi\\\/\",\"logo\":{\"@type\":\"ImageObject\",\"inLanguage\":\"en-GB\",\"@id\":\"https:\\\/\\\/amoslaki.fi\\\/#\\\/schema\\\/logo\\\/image\\\/\",\"url\":\"https:\\\/\\\/amoslaki.fi\\\/wp-content\\\/uploads\\\/2019\\\/11\\\/amoslaki-logo-musta-uusi.png\",\"contentUrl\":\"https:\\\/\\\/amoslaki.fi\\\/wp-content\\\/uploads\\\/2019\\\/11\\\/amoslaki-logo-musta-uusi.png\",\"width\":1223,\"height\":662,\"caption\":\"Lakiasiaintoimisto Amos\"},\"image\":{\"@id\":\"https:\\\/\\\/amoslaki.fi\\\/#\\\/schema\\\/logo\\\/image\\\/\"},\"sameAs\":[\"https:\\\/\\\/www.facebook.com\\\/lakiamos\\\/\",\"https:\\\/\\\/www.instagram.com\\\/lakiamos\\\/\",\"https:\\\/\\\/www.linkedin.com\\\/company\\\/lakiasiaintoimisto-amos-oy\\\/\"]}]}<\/script>\n<!-- \/ Yoast SEO plugin. -->","yoast_head_json":{"title":"Prenuptial Agreements - Why make a prenuptial agreement - Amos Law Firm","description":"We help you to draw up and register prenuptial agreements at low cost and with professionalism. Prenuptial agreements at a fixed price. Read more on our website.","robots":{"index":"index","follow":"follow","max-snippet":"max-snippet:-1","max-image-preview":"max-image-preview:large","max-video-preview":"max-video-preview:-1"},"canonical":"https:\/\/amoslaki.fi\/en\/prenuptial-agreement\/","og_locale":"en_GB","og_type":"article","og_title":"Avioehtosopimus &#8211; Miksi tehd\u00e4 avioehto? &#8211; Asianajotoimisto Amos","og_description":"Auttamme tekem\u00e4\u00e4n ja rekister\u00f6im\u00e4\u00e4n avioehtosopimukset edullisesti ja ammattitaidolla. Avioehto kiinte\u00e4\u00e4n hintaan. Lue lis\u00e4\u00e4 sivuiltamme.","og_url":"https:\/\/amoslaki.fi\/en\/prenuptial-agreement\/","og_site_name":"Asianajotoimisto Amos","article_publisher":"https:\/\/www.facebook.com\/lakiamos\/","article_modified_time":"2026-03-16T08:16:30+00:00","twitter_card":"summary_large_image","twitter_misc":{"Estimated reading time":"2 minutes"},"schema":{"@context":"https:\/\/schema.org","@graph":[{"@type":"WebPage","@id":"https:\/\/amoslaki.fi\/avioehtosopimus\/","url":"https:\/\/amoslaki.fi\/avioehtosopimus\/","name":"Prenuptial Agreements - Why make a prenuptial agreement - Amos Law Firm","isPartOf":{"@id":"https:\/\/amoslaki.fi\/#website"},"datePublished":"2020-01-30T09:58:22+00:00","dateModified":"2026-03-16T08:16:30+00:00","description":"We help you to draw up and register prenuptial agreements at low cost and with professionalism. Prenuptial agreements at a fixed price. Read more on our website.","breadcrumb":{"@id":"https:\/\/amoslaki.fi\/avioehtosopimus\/#breadcrumb"},"inLanguage":"en-GB","potentialAction":[{"@type":"ReadAction","target":["https:\/\/amoslaki.fi\/avioehtosopimus\/"]}]},{"@type":"BreadcrumbList","@id":"https:\/\/amoslaki.fi\/avioehtosopimus\/#breadcrumb","itemListElement":[{"@type":"ListItem","position":1,"name":"Home","item":"https:\/\/amoslaki.fi\/"},{"@type":"ListItem","position":2,"name":"Avioehtosopimus"}]},{"@type":"WebSite","@id":"https:\/\/amoslaki.fi\/#website","url":"https:\/\/amoslaki.fi\/","name":"Amos Law Office","description":"Caring legal service","publisher":{"@id":"https:\/\/amoslaki.fi\/#organization"},"potentialAction":[{"@type":"SearchAction","target":{"@type":"EntryPoint","urlTemplate":"https:\/\/amoslaki.fi\/?s={search_term_string}"},"query-input":{"@type":"PropertyValueSpecification","valueRequired":true,"valueName":"search_term_string"}}],"inLanguage":"en-GB"},{"@type":"Organization","@id":"https:\/\/amoslaki.fi\/#organization","name":"Amos Law Firm","url":"https:\/\/amoslaki.fi\/","logo":{"@type":"ImageObject","inLanguage":"en-GB","@id":"https:\/\/amoslaki.fi\/#\/schema\/logo\/image\/","url":"https:\/\/amoslaki.fi\/wp-content\/uploads\/2019\/11\/amoslaki-logo-musta-uusi.png","contentUrl":"https:\/\/amoslaki.fi\/wp-content\/uploads\/2019\/11\/amoslaki-logo-musta-uusi.png","width":1223,"height":662,"caption":"Lakiasiaintoimisto Amos"},"image":{"@id":"https:\/\/amoslaki.fi\/#\/schema\/logo\/image\/"},"sameAs":["https:\/\/www.facebook.com\/lakiamos\/","https:\/\/www.instagram.com\/lakiamos\/","https:\/\/www.linkedin.com\/company\/lakiasiaintoimisto-amos-oy\/"]}]}},"_links":{"self":[{"href":"https:\/\/amoslaki.fi\/en\/wp-json\/wp\/v2\/pages\/6659","targetHints":{"allow":["GET"]}}],"collection":[{"href":"https:\/\/amoslaki.fi\/en\/wp-json\/wp\/v2\/pages"}],"about":[{"href":"https:\/\/amoslaki.fi\/en\/wp-json\/wp\/v2\/types\/page"}],"author":[{"embeddable":true,"href":"https:\/\/amoslaki.fi\/en\/wp-json\/wp\/v2\/users\/19"}],"replies":[{"embeddable":true,"href":"https:\/\/amoslaki.fi\/en\/wp-json\/wp\/v2\/comments?post=6659"}],"version-history":[{"count":26,"href":"https:\/\/amoslaki.fi\/en\/wp-json\/wp\/v2\/pages\/6659\/revisions"}],"predecessor-version":[{"id":13671,"href":"https:\/\/amoslaki.fi\/en\/wp-json\/wp\/v2\/pages\/6659\/revisions\/13671"}],"wp:attachment":[{"href":"https:\/\/amoslaki.fi\/en\/wp-json\/wp\/v2\/media?parent=6659"}],"curies":[{"name":"wp","href":"https:\/\/api.w.org\/{rel}","templated":true}]}}