{"id":6663,"date":"2020-01-29T14:13:11","date_gmt":"2020-01-29T12:13:11","guid":{"rendered":"https:\/\/amoslaki.fi\/?page_id=6663"},"modified":"2026-03-16T10:16:19","modified_gmt":"2026-03-16T08:16:19","slug":"kauppakirjat","status":"publish","type":"page","link":"https:\/\/amoslaki.fi\/en\/kauppakirjat\/","title":{"rendered":"Trade books"},"content":{"rendered":"<div class=\"et_pb_section_0 et_pb_section et_section_regular et_block_section\"><div class=\"et_pb_row_0 et_pb_row et_block_row\"><div class=\"et_pb_column_0 et_pb_column et_pb_column_3_5 et_block_column et_pb_css_mix_blend_mode_passthrough\"><div class=\"et_pb_text_0 et_pb_text et_pb_bg_layout_light et_pb_module et_block_module preset--module--divi-text--0e6b2603-537f-4c46-b342-f2a76e853477\"><div class=\"et_pb_text_inner\"><h1>Trade books<\/h1>\n<h2>Kauppakirjalla ostetaan ja myyd\u00e4\u00e4n omaisuutta<\/h2>\n<p>Kauppakirjoja on l\u00e4hes yht\u00e4 monenlaisia kuin on omaisuutta ja tapoja, joilla kauppa toteutetaan.<\/p>\n<p>&nbsp;<\/p>\n<h2>Kauppakirja ja maksutapa<\/h2>\n<p>Maksutapoja voi my\u00f6s olla monenlaisia ja maksu ei aina v\u00e4ltt\u00e4m\u00e4tt\u00e4 ole pelk\u00e4st\u00e4\u00e4n rahasuoritus.<\/p>\n<p>&nbsp;<\/p>\n<h2>Kauppakirjojen muotovaatimukset<\/h2>\n<p>Kauppakirjojen vaatimukset ovat erilaisia riippuen onko kyseess\u00e4 irtaimen vai kiinte\u00e4n omaisuuden kauppa. Irtainta omaisuutta ovat my\u00f6s asunto-osakkeet. Yleens\u00e4 maa-alueiden kaupat ovat kiinte\u00e4n omaisuuden kauppoja, joilla on erilaiset muotovaatimukset kuin irtaimen omaisuuden kaupalla. Myynnin kohde voi my\u00f6s olla vuokrattuna. jolloin t\u00e4llaiset seikat tulisi ottaa huomioon kauppakirjassa.<\/p>\n<p>&nbsp;<\/p>\n<h2><span style=\"color: #003c69; font-family: museosans-300, Georgia, 'Times New Roman', serif; font-size: 22px;\">Kauppakirjoja ovat mm:<\/span><\/h2>\n<ul>\n<li>Kiinteist\u00f6n myymiseen liittyv\u00e4 kauppakirja<\/li>\n<li>Asunto-osakkeiden myymiseen liittyv\u00e4 kauppakirja<\/li>\n<li>Irtaimen muun omaisuuden myyntiin liittyv\u00e4 kauppakirja<\/li>\n<li>Yrityksen myymiseen liittyv\u00e4 kauppakirja<\/li>\n<\/ul>\n<\/div><\/div><\/div><div class=\"et_pb_column_1 et_pb_column et_pb_column_2_5 et-last-child et_block_column et_pb_css_mix_blend_mode_passthrough\"><div class=\"et_pb_text_1 et_pb_text et_pb_bg_layout_light et_pb_module et_block_module\"><div class=\"et_pb_text_inner\"><div id=\"attachment_8293\" style=\"width: 1034px\" class=\"wp-caption aligncenter\"><a href=\"mailto:tuula.rainto@amoslaki.fi\"><img loading=\"lazy\" decoding=\"async\" aria-describedby=\"caption-attachment-8293\" class=\"wp-image-8293 size-large\" src=\"https:\/\/amoslaki.fi\/wp-content\/uploads\/2020\/10\/amos-yrityksille-20203-1024x608.jpg\" alt=\"Tuula Rainto\" width=\"1024\" height=\"608\" srcset=\"https:\/\/amoslaki.fi\/wp-content\/uploads\/2020\/10\/amos-yrityksille-20203-980x582.jpg 980w, https:\/\/amoslaki.fi\/wp-content\/uploads\/2020\/10\/amos-yrityksille-20203-480x285.jpg 480w\" sizes=\"(min-width: 0px) and (max-width: 480px) 480px, (min-width: 481px) and (max-width: 980px) 980px, (min-width: 981px) 1024px, 100vw\" \/><\/a><p id=\"caption-attachment-8293\" class=\"wp-caption-text\">Tuula Rainto, <a href=\"mailto:tuula.rainto@amoslaki.fi\">tuula.rainto@amoslaki.fi<\/a>, <a href=\"tel:0451115577\">045 111 5577<\/a><\/p><\/div>\n<\/div><\/div><div class=\"et_pb_module et_pb_button_module_wrapper et_pb_button_0_wrapper\"><a class=\"et_pb_button_0 et_pb_button et_pb_bg_layout_light et_pb_module et_block_module\" href=\"https:\/\/amoslaki.fi\/en\/appointment-calendar\/\" target=\"_blank\" data-icon=\"\ue023\">Book a free initial assessment<\/a><\/div><div class=\"et_pb_module et_pb_button_module_wrapper et_pb_button_1_wrapper\"><a class=\"et_pb_button_1 et_pb_button et_pb_bg_layout_light et_pb_module et_block_module\" href=\"tel:+358102995090\" data-icon=\"\uf879\">Call us 010 299 5090<\/a><\/div><\/div><\/div><\/div>","protected":false},"excerpt":{"rendered":"","protected":false},"author":19,"featured_media":0,"parent":0,"menu_order":0,"comment_status":"closed","ping_status":"closed","template":"","meta":{"_acf_changed":false,"footnotes":""},"class_list":["post-6663","page","type-page","status-publish","hentry"],"acf":[],"yoast_head":"<!-- This site is optimized with the Yoast SEO plugin v27.3 - https:\/\/yoast.com\/product\/yoast-seo-wordpress\/ -->\n<title>Kauppakirjat &#8211; Mik\u00e4 on kauppakirja? &#8211; Asianajotoimisto Amos<\/title>\n<meta name=\"description\" content=\"Kauppakirjalla ostetaan ja myyd\u00e4\u00e4n omaisuutta. Kauppakirjojen vaatimukset ovat erilaisia riippuen onko kyseess\u00e4 irtaimen vai kiinteist\u00f6n kauppa.\" \/>\n<meta name=\"robots\" content=\"index, follow, max-snippet:-1, max-image-preview:large, max-video-preview:-1\" \/>\n<link rel=\"canonical\" href=\"https:\/\/amoslaki.fi\/en\/kauppakirjat\/\" \/>\n<meta property=\"og:locale\" content=\"en_GB\" \/>\n<meta property=\"og:type\" content=\"article\" \/>\n<meta property=\"og:title\" content=\"Kauppakirjat &#8211; Mik\u00e4 on kauppakirja? &#8211; Asianajotoimisto Amos\" \/>\n<meta property=\"og:description\" content=\"Kauppakirjalla ostetaan ja myyd\u00e4\u00e4n omaisuutta. Kauppakirjojen vaatimukset ovat erilaisia riippuen onko kyseess\u00e4 irtaimen vai kiinteist\u00f6n kauppa.\" \/>\n<meta property=\"og:url\" content=\"https:\/\/amoslaki.fi\/en\/kauppakirjat\/\" \/>\n<meta property=\"og:site_name\" content=\"Asianajotoimisto Amos\" \/>\n<meta property=\"article:publisher\" content=\"https:\/\/www.facebook.com\/lakiamos\/\" \/>\n<meta property=\"article:modified_time\" content=\"2026-03-16T08:16:19+00:00\" \/>\n<meta property=\"og:image\" content=\"https:\/\/amoslaki.fi\/wp-content\/uploads\/2020\/10\/amos-yrityksille-20203.jpg\" \/>\n\t<meta property=\"og:image:width\" content=\"1920\" \/>\n\t<meta property=\"og:image:height\" content=\"1140\" \/>\n\t<meta property=\"og:image:type\" content=\"image\/jpeg\" \/>\n<meta name=\"twitter:card\" content=\"summary_large_image\" \/>\n<meta name=\"twitter:label1\" content=\"Estimated reading time\" \/>\n\t<meta name=\"twitter:data1\" content=\"3 minutes\" \/>\n<script type=\"application\/ld+json\" class=\"yoast-schema-graph\">{\"@context\":\"https:\\\/\\\/schema.org\",\"@graph\":[{\"@type\":\"WebPage\",\"@id\":\"https:\\\/\\\/amoslaki.fi\\\/kauppakirjat\\\/\",\"url\":\"https:\\\/\\\/amoslaki.fi\\\/kauppakirjat\\\/\",\"name\":\"Kauppakirjat &#8211; Mik\u00e4 on kauppakirja? &#8211; Asianajotoimisto Amos\",\"isPartOf\":{\"@id\":\"https:\\\/\\\/amoslaki.fi\\\/#website\"},\"datePublished\":\"2020-01-29T12:13:11+00:00\",\"dateModified\":\"2026-03-16T08:16:19+00:00\",\"description\":\"Kauppakirjalla ostetaan ja myyd\u00e4\u00e4n omaisuutta. Kauppakirjojen vaatimukset ovat erilaisia riippuen onko kyseess\u00e4 irtaimen vai kiinteist\u00f6n kauppa.\",\"breadcrumb\":{\"@id\":\"https:\\\/\\\/amoslaki.fi\\\/kauppakirjat\\\/#breadcrumb\"},\"inLanguage\":\"en-GB\",\"potentialAction\":[{\"@type\":\"ReadAction\",\"target\":[\"https:\\\/\\\/amoslaki.fi\\\/kauppakirjat\\\/\"]}]},{\"@type\":\"BreadcrumbList\",\"@id\":\"https:\\\/\\\/amoslaki.fi\\\/kauppakirjat\\\/#breadcrumb\",\"itemListElement\":[{\"@type\":\"ListItem\",\"position\":1,\"name\":\"Home\",\"item\":\"https:\\\/\\\/amoslaki.fi\\\/\"},{\"@type\":\"ListItem\",\"position\":2,\"name\":\"Kauppakirjat\"}]},{\"@type\":\"WebSite\",\"@id\":\"https:\\\/\\\/amoslaki.fi\\\/#website\",\"url\":\"https:\\\/\\\/amoslaki.fi\\\/\",\"name\":\"Asianajotoimisto Amos\",\"description\":\"Huolehtivaa lakipalvelua\",\"publisher\":{\"@id\":\"https:\\\/\\\/amoslaki.fi\\\/#organization\"},\"potentialAction\":[{\"@type\":\"SearchAction\",\"target\":{\"@type\":\"EntryPoint\",\"urlTemplate\":\"https:\\\/\\\/amoslaki.fi\\\/?s={search_term_string}\"},\"query-input\":{\"@type\":\"PropertyValueSpecification\",\"valueRequired\":true,\"valueName\":\"search_term_string\"}}],\"inLanguage\":\"en-GB\"},{\"@type\":\"Organization\",\"@id\":\"https:\\\/\\\/amoslaki.fi\\\/#organization\",\"name\":\"Lakiasiaintoimisto Amos\",\"url\":\"https:\\\/\\\/amoslaki.fi\\\/\",\"logo\":{\"@type\":\"ImageObject\",\"inLanguage\":\"en-GB\",\"@id\":\"https:\\\/\\\/amoslaki.fi\\\/#\\\/schema\\\/logo\\\/image\\\/\",\"url\":\"https:\\\/\\\/amoslaki.fi\\\/wp-content\\\/uploads\\\/2019\\\/11\\\/amoslaki-logo-musta-uusi.png\",\"contentUrl\":\"https:\\\/\\\/amoslaki.fi\\\/wp-content\\\/uploads\\\/2019\\\/11\\\/amoslaki-logo-musta-uusi.png\",\"width\":1223,\"height\":662,\"caption\":\"Lakiasiaintoimisto Amos\"},\"image\":{\"@id\":\"https:\\\/\\\/amoslaki.fi\\\/#\\\/schema\\\/logo\\\/image\\\/\"},\"sameAs\":[\"https:\\\/\\\/www.facebook.com\\\/lakiamos\\\/\",\"https:\\\/\\\/www.instagram.com\\\/lakiamos\\\/\",\"https:\\\/\\\/www.linkedin.com\\\/company\\\/lakiasiaintoimisto-amos-oy\\\/\"]}]}<\/script>\n<!-- \/ Yoast SEO plugin. -->","yoast_head_json":{"title":"Kauppakirjat &#8211; Mik\u00e4 on kauppakirja? &#8211; Asianajotoimisto Amos","description":"Kauppakirjalla ostetaan ja myyd\u00e4\u00e4n omaisuutta. Kauppakirjojen vaatimukset ovat erilaisia riippuen onko kyseess\u00e4 irtaimen vai kiinteist\u00f6n kauppa.","robots":{"index":"index","follow":"follow","max-snippet":"max-snippet:-1","max-image-preview":"max-image-preview:large","max-video-preview":"max-video-preview:-1"},"canonical":"https:\/\/amoslaki.fi\/en\/kauppakirjat\/","og_locale":"en_GB","og_type":"article","og_title":"Kauppakirjat &#8211; Mik\u00e4 on kauppakirja? &#8211; Asianajotoimisto Amos","og_description":"Kauppakirjalla ostetaan ja myyd\u00e4\u00e4n omaisuutta. Kauppakirjojen vaatimukset ovat erilaisia riippuen onko kyseess\u00e4 irtaimen vai kiinteist\u00f6n kauppa.","og_url":"https:\/\/amoslaki.fi\/en\/kauppakirjat\/","og_site_name":"Asianajotoimisto Amos","article_publisher":"https:\/\/www.facebook.com\/lakiamos\/","article_modified_time":"2026-03-16T08:16:19+00:00","og_image":[{"width":1920,"height":1140,"url":"https:\/\/amoslaki.fi\/wp-content\/uploads\/2020\/10\/amos-yrityksille-20203.jpg","type":"image\/jpeg"}],"twitter_card":"summary_large_image","twitter_misc":{"Estimated reading time":"3 minutes"},"schema":{"@context":"https:\/\/schema.org","@graph":[{"@type":"WebPage","@id":"https:\/\/amoslaki.fi\/kauppakirjat\/","url":"https:\/\/amoslaki.fi\/kauppakirjat\/","name":"Kauppakirjat &#8211; Mik\u00e4 on kauppakirja? &#8211; Asianajotoimisto Amos","isPartOf":{"@id":"https:\/\/amoslaki.fi\/#website"},"datePublished":"2020-01-29T12:13:11+00:00","dateModified":"2026-03-16T08:16:19+00:00","description":"Kauppakirjalla ostetaan ja myyd\u00e4\u00e4n omaisuutta. Kauppakirjojen vaatimukset ovat erilaisia riippuen onko kyseess\u00e4 irtaimen vai kiinteist\u00f6n kauppa.","breadcrumb":{"@id":"https:\/\/amoslaki.fi\/kauppakirjat\/#breadcrumb"},"inLanguage":"en-GB","potentialAction":[{"@type":"ReadAction","target":["https:\/\/amoslaki.fi\/kauppakirjat\/"]}]},{"@type":"BreadcrumbList","@id":"https:\/\/amoslaki.fi\/kauppakirjat\/#breadcrumb","itemListElement":[{"@type":"ListItem","position":1,"name":"Home","item":"https:\/\/amoslaki.fi\/"},{"@type":"ListItem","position":2,"name":"Kauppakirjat"}]},{"@type":"WebSite","@id":"https:\/\/amoslaki.fi\/#website","url":"https:\/\/amoslaki.fi\/","name":"Amos Law Office","description":"Caring legal service","publisher":{"@id":"https:\/\/amoslaki.fi\/#organization"},"potentialAction":[{"@type":"SearchAction","target":{"@type":"EntryPoint","urlTemplate":"https:\/\/amoslaki.fi\/?s={search_term_string}"},"query-input":{"@type":"PropertyValueSpecification","valueRequired":true,"valueName":"search_term_string"}}],"inLanguage":"en-GB"},{"@type":"Organization","@id":"https:\/\/amoslaki.fi\/#organization","name":"Amos Law Firm","url":"https:\/\/amoslaki.fi\/","logo":{"@type":"ImageObject","inLanguage":"en-GB","@id":"https:\/\/amoslaki.fi\/#\/schema\/logo\/image\/","url":"https:\/\/amoslaki.fi\/wp-content\/uploads\/2019\/11\/amoslaki-logo-musta-uusi.png","contentUrl":"https:\/\/amoslaki.fi\/wp-content\/uploads\/2019\/11\/amoslaki-logo-musta-uusi.png","width":1223,"height":662,"caption":"Lakiasiaintoimisto Amos"},"image":{"@id":"https:\/\/amoslaki.fi\/#\/schema\/logo\/image\/"},"sameAs":["https:\/\/www.facebook.com\/lakiamos\/","https:\/\/www.instagram.com\/lakiamos\/","https:\/\/www.linkedin.com\/company\/lakiasiaintoimisto-amos-oy\/"]}]}},"_links":{"self":[{"href":"https:\/\/amoslaki.fi\/en\/wp-json\/wp\/v2\/pages\/6663","targetHints":{"allow":["GET"]}}],"collection":[{"href":"https:\/\/amoslaki.fi\/en\/wp-json\/wp\/v2\/pages"}],"about":[{"href":"https:\/\/amoslaki.fi\/en\/wp-json\/wp\/v2\/types\/page"}],"author":[{"embeddable":true,"href":"https:\/\/amoslaki.fi\/en\/wp-json\/wp\/v2\/users\/19"}],"replies":[{"embeddable":true,"href":"https:\/\/amoslaki.fi\/en\/wp-json\/wp\/v2\/comments?post=6663"}],"version-history":[{"count":3,"href":"https:\/\/amoslaki.fi\/en\/wp-json\/wp\/v2\/pages\/6663\/revisions"}],"predecessor-version":[{"id":13660,"href":"https:\/\/amoslaki.fi\/en\/wp-json\/wp\/v2\/pages\/6663\/revisions\/13660"}],"wp:attachment":[{"href":"https:\/\/amoslaki.fi\/en\/wp-json\/wp\/v2\/media?parent=6663"}],"curies":[{"name":"wp","href":"https:\/\/api.w.org\/{rel}","templated":true}]}}