{"id":6665,"date":"2020-01-30T11:54:31","date_gmt":"2020-01-30T09:54:31","guid":{"rendered":"https:\/\/amoslaki.fi\/?page_id=6665"},"modified":"2026-03-16T10:16:27","modified_gmt":"2026-03-16T08:16:27","slug":"generation-change","status":"publish","type":"page","link":"https:\/\/amoslaki.fi\/en\/sukupolvenvaihdos\/","title":{"rendered":"Change of generation"},"content":{"rendered":"<div class=\"et_pb_section_0 et_pb_section et_section_regular et_block_section\"><div class=\"et_pb_row_0 et_pb_row et_block_row\"><div class=\"et_pb_column_0 et_pb_column et_pb_column_3_5 et_block_column et_pb_css_mix_blend_mode_passthrough\"><div class=\"et_pb_text_0 et_pb_text et_pb_bg_layout_light et_pb_module et_block_module preset--module--divi-text--0e6b2603-537f-4c46-b342-f2a76e853477\"><div class=\"et_pb_text_inner\"><h1>Change of generation<\/h1>\n<p>The planning and implementation of a generational change are topical in many companies.<\/p>\n<p>&nbsp;<\/p>\n<h2>Generation-skipping transfer and taxation<\/h2>\n<p>A generational change is an individual event for each company, and tax issues may arise:<\/p>\n<p>- income tax<br \/>- inheritance tax<br \/>- gift tax<br \/>- transfer tax<br \/>- VAT<\/p>\n<p>The tax consequences may apply not only to the transferor and transferee, but also to the company being transferred. We recommend that you familiarise yourself in advance with all the tax consequences mentioned above in order to optimise the tax benefits of the generation-skipping transfer.<\/p>\n<\/div><\/div><\/div><div class=\"et_pb_column_1 et_pb_column et_pb_column_2_5 et-last-child et_block_column et_pb_css_mix_blend_mode_passthrough\"><div class=\"et_pb_blurb_0 et_pb_blurb et_pb_bg_layout_light et_pb_blurb_position_top et_pb_module et_block_module\"><div class=\"et_pb_blurb_content\"><div class=\"et_pb_main_blurb_image\"><span class=\"et_pb_image_wrap et_pb_only_image_mode_wrap\"><img loading=\"lazy\" decoding=\"async\" src=\"https:\/\/amoslaki.fi\/wp-content\/uploads\/2020\/10\/amos-yrityksille-20203.jpg\" width=\"1920\" height=\"1140\" srcset=\"https:\/\/amoslaki.fi\/wp-content\/uploads\/2020\/10\/amos-yrityksille-20203.jpg 1920w, https:\/\/amoslaki.fi\/wp-content\/uploads\/2020\/10\/amos-yrityksille-20203-1280x760.jpg 1280w, https:\/\/amoslaki.fi\/wp-content\/uploads\/2020\/10\/amos-yrityksille-20203-980x582.jpg 980w, https:\/\/amoslaki.fi\/wp-content\/uploads\/2020\/10\/amos-yrityksille-20203-480x285.jpg 480w\" sizes=\"(min-width: 0px) and (max-width: 480px) 480px, (min-width: 481px) and (max-width: 980px) 980px, (min-width: 981px) and (max-width: 1280px) 1280px, (min-width: 1281px) 1920px, 100vw\" class=\"et-waypoint et_pb_animation_top et_pb_animation_top_tablet et_pb_animation_top_phone wp-image-8293\" alt=\"Tuula Rainto\" \/><\/span><\/div><div class=\"et_pb_blurb_container\"><div class=\"et_pb_blurb_description\"><p>Tuula Rainto, <a href=\"mailto:tuula.rainto@amoslaki.fi\">tuula.rainto@amoslaki.fi<\/a>, <a href=\"tel:0451115577\">045 111 5577<\/a><\/p>\n<\/div><\/div><\/div><\/div><div class=\"et_pb_module et_pb_button_module_wrapper et_pb_button_0_wrapper\"><a class=\"et_pb_button_0 et_pb_button et_pb_bg_layout_light et_pb_module et_block_module\" href=\"https:\/\/amoslaki.fi\/en\/appointment-calendar\/\" target=\"_blank\" data-icon=\"\ue023\">Book a free initial assessment<\/a><\/div><div class=\"et_pb_module et_pb_button_module_wrapper et_pb_button_1_wrapper\"><a class=\"et_pb_button_1 et_pb_button et_pb_bg_layout_light et_pb_module et_block_module\" href=\"tel:+358102995090\" data-icon=\"\uf879\">Call us 010 299 5090<\/a><\/div><\/div><\/div><div class=\"et_pb_row_1 et_pb_row et_block_row\"><div class=\"et_pb_column_2 et_pb_column et_pb_column_4_4 et-last-child et_block_column et_pb_css_mix_blend_mode_passthrough\"><div class=\"et_pb_text_1 et_pb_text et_pb_bg_layout_light et_pb_module et_block_module preset--module--divi-text--0e6b2603-537f-4c46-b342-f2a76e853477\"><div class=\"et_pb_text_inner\"><h2>A change of generation and properly drafted documents<\/h2>\n<p>This is an issue of both emotional and financial importance for both the transferor and the transferee. This almost invariably requires specialised legal expertise. Properly executed, the transfer of assets can bring significant tax advantages in terms of income and gift tax. The right way of doing it gives the successor who takes over the business a secure and legally sustainable basis for continuing the business.<\/p>\n<p>&nbsp;<\/p>\n<h2>Change of Generation and Amos Law Firm<\/h2>\n<p>We will help you to achieve the above objectives, tailor the documents and provide tax advice to suit your situation. You can consult our price list <strong><a href=\"https:\/\/amoslaki.fi\/en\/price-list\/#hinta\">Here<\/a><\/strong><\/p>\n<\/div><\/div><\/div><\/div><div class=\"et_pb_row_2 et_pb_row et_block_row\"><div class=\"et_pb_column_3 et_pb_column et_pb_column_1_2 et_block_column et_pb_css_mix_blend_mode_passthrough\"><div class=\"et_pb_module et_pb_button_module_wrapper et_pb_button_2_wrapper\"><a class=\"et_pb_button_2 et_pb_button et_pb_bg_layout_light et_pb_module et_block_module\" href=\"https:\/\/amoslaki.fi\/en\/appointment-calendar\/\" target=\"_blank\" data-icon=\"\ue023\">Book a free initial assessment<\/a><\/div><\/div><div class=\"et_pb_column_4 et_pb_column et_pb_column_1_2 et-last-child et_block_column et_pb_css_mix_blend_mode_passthrough\"><div class=\"et_pb_module et_pb_button_module_wrapper et_pb_button_3_wrapper\"><a class=\"et_pb_button_3 et_pb_button et_pb_bg_layout_light et_pb_module et_block_module\" href=\"tel:+358102995090\" data-icon=\"\uf879\">Call us 010 299 5090<\/a><\/div><\/div><\/div><div class=\"et_pb_row_3 et_pb_row et_block_row\"><div class=\"et_pb_column_5 et_pb_column et_pb_column_1_2 et_block_column et_pb_css_mix_blend_mode_passthrough\"><div class=\"et_pb_blurb_1 et_pb_blurb et_pb_bg_layout_light et_pb_blurb_position_top et_pb_module et_block_module\"><div class=\"et_pb_blurb_content\"><div class=\"et_pb_main_blurb_image\"><span class=\"et_pb_image_wrap et_pb_only_image_mode_wrap\"><img loading=\"lazy\" decoding=\"async\" src=\"https:\/\/amoslaki.fi\/wp-content\/uploads\/2020\/10\/amos-yrityksille-20203.jpg\" width=\"1920\" height=\"1140\" srcset=\"https:\/\/amoslaki.fi\/wp-content\/uploads\/2020\/10\/amos-yrityksille-20203.jpg 1920w, https:\/\/amoslaki.fi\/wp-content\/uploads\/2020\/10\/amos-yrityksille-20203-1280x760.jpg 1280w, https:\/\/amoslaki.fi\/wp-content\/uploads\/2020\/10\/amos-yrityksille-20203-980x582.jpg 980w, https:\/\/amoslaki.fi\/wp-content\/uploads\/2020\/10\/amos-yrityksille-20203-480x285.jpg 480w\" sizes=\"(min-width: 0px) and (max-width: 480px) 480px, (min-width: 481px) and (max-width: 980px) 980px, (min-width: 981px) and (max-width: 1280px) 1280px, (min-width: 1281px) 1920px, 100vw\" class=\"et-waypoint et_pb_animation_top et_pb_animation_top_tablet et_pb_animation_top_phone wp-image-8293\" alt=\"Tuula Rainto\" \/><\/span><\/div><div class=\"et_pb_blurb_container\"><div class=\"et_pb_blurb_description\"><p>Tuula Rainto, <a href=\"mailto:tuula.rainto@amoslaki.fi\">tuula.rainto@amoslaki.fi<\/a>, <a href=\"tel:0451115577\">045 111 5577<\/a><\/p>\n<\/div><\/div><\/div><\/div><\/div><div class=\"et_pb_column_6 et_pb_column et_pb_column_1_2 et-last-child et_block_column et_pb_column_empty et_pb_css_mix_blend_mode_passthrough\"><\/div><\/div><\/div>","protected":false},"excerpt":{"rendered":"","protected":false},"author":19,"featured_media":0,"parent":0,"menu_order":0,"comment_status":"closed","ping_status":"closed","template":"","meta":{"_acf_changed":false,"footnotes":""},"class_list":["post-6665","page","type-page","status-publish","hentry"],"acf":[],"yoast_head":"<!-- This site is optimized with the Yoast SEO plugin v27.3 - https:\/\/yoast.com\/product\/yoast-seo-wordpress\/ -->\n<title>Sukupolvenvaihdos &#8211; Asianajotoimisto Amos<\/title>\n<meta name=\"description\" content=\"Oikein toteutetussa sukupolvenvaihdoksessa voidaan saavuttaa huomattavia verotuksellisia etuja. Suunnittele sukupolvenvaihdos meill\u00e4 jo t\u00e4n\u00e4\u00e4n.\" \/>\n<meta name=\"robots\" content=\"index, follow, max-snippet:-1, max-image-preview:large, max-video-preview:-1\" \/>\n<link rel=\"canonical\" href=\"https:\/\/amoslaki.fi\/en\/generation-change\/\" \/>\n<meta property=\"og:locale\" content=\"en_GB\" \/>\n<meta property=\"og:type\" content=\"article\" \/>\n<meta property=\"og:title\" content=\"Sukupolvenvaihdos &#8211; Asianajotoimisto Amos\" \/>\n<meta property=\"og:description\" content=\"Oikein toteutetussa sukupolvenvaihdoksessa voidaan saavuttaa huomattavia verotuksellisia etuja. Suunnittele sukupolvenvaihdos meill\u00e4 jo t\u00e4n\u00e4\u00e4n.\" \/>\n<meta property=\"og:url\" content=\"https:\/\/amoslaki.fi\/en\/generation-change\/\" \/>\n<meta property=\"og:site_name\" content=\"Asianajotoimisto Amos\" \/>\n<meta property=\"article:publisher\" content=\"https:\/\/www.facebook.com\/lakiamos\/\" \/>\n<meta property=\"article:modified_time\" content=\"2026-03-16T08:16:27+00:00\" \/>\n<meta name=\"twitter:card\" content=\"summary_large_image\" \/>\n<meta name=\"twitter:label1\" content=\"Estimated reading time\" \/>\n\t<meta name=\"twitter:data1\" content=\"4 minutes\" \/>\n<script type=\"application\/ld+json\" class=\"yoast-schema-graph\">{\"@context\":\"https:\\\/\\\/schema.org\",\"@graph\":[{\"@type\":\"WebPage\",\"@id\":\"https:\\\/\\\/amoslaki.fi\\\/sukupolvenvaihdos\\\/\",\"url\":\"https:\\\/\\\/amoslaki.fi\\\/sukupolvenvaihdos\\\/\",\"name\":\"Sukupolvenvaihdos &#8211; Asianajotoimisto Amos\",\"isPartOf\":{\"@id\":\"https:\\\/\\\/amoslaki.fi\\\/#website\"},\"datePublished\":\"2020-01-30T09:54:31+00:00\",\"dateModified\":\"2026-03-16T08:16:27+00:00\",\"description\":\"Oikein toteutetussa sukupolvenvaihdoksessa voidaan saavuttaa huomattavia verotuksellisia etuja. Suunnittele sukupolvenvaihdos meill\u00e4 jo t\u00e4n\u00e4\u00e4n.\",\"breadcrumb\":{\"@id\":\"https:\\\/\\\/amoslaki.fi\\\/sukupolvenvaihdos\\\/#breadcrumb\"},\"inLanguage\":\"en-GB\",\"potentialAction\":[{\"@type\":\"ReadAction\",\"target\":[\"https:\\\/\\\/amoslaki.fi\\\/sukupolvenvaihdos\\\/\"]}]},{\"@type\":\"BreadcrumbList\",\"@id\":\"https:\\\/\\\/amoslaki.fi\\\/sukupolvenvaihdos\\\/#breadcrumb\",\"itemListElement\":[{\"@type\":\"ListItem\",\"position\":1,\"name\":\"Home\",\"item\":\"https:\\\/\\\/amoslaki.fi\\\/\"},{\"@type\":\"ListItem\",\"position\":2,\"name\":\"Sukupolvenvaihdos\"}]},{\"@type\":\"WebSite\",\"@id\":\"https:\\\/\\\/amoslaki.fi\\\/#website\",\"url\":\"https:\\\/\\\/amoslaki.fi\\\/\",\"name\":\"Asianajotoimisto Amos\",\"description\":\"Huolehtivaa lakipalvelua\",\"publisher\":{\"@id\":\"https:\\\/\\\/amoslaki.fi\\\/#organization\"},\"potentialAction\":[{\"@type\":\"SearchAction\",\"target\":{\"@type\":\"EntryPoint\",\"urlTemplate\":\"https:\\\/\\\/amoslaki.fi\\\/?s={search_term_string}\"},\"query-input\":{\"@type\":\"PropertyValueSpecification\",\"valueRequired\":true,\"valueName\":\"search_term_string\"}}],\"inLanguage\":\"en-GB\"},{\"@type\":\"Organization\",\"@id\":\"https:\\\/\\\/amoslaki.fi\\\/#organization\",\"name\":\"Lakiasiaintoimisto Amos\",\"url\":\"https:\\\/\\\/amoslaki.fi\\\/\",\"logo\":{\"@type\":\"ImageObject\",\"inLanguage\":\"en-GB\",\"@id\":\"https:\\\/\\\/amoslaki.fi\\\/#\\\/schema\\\/logo\\\/image\\\/\",\"url\":\"https:\\\/\\\/amoslaki.fi\\\/wp-content\\\/uploads\\\/2019\\\/11\\\/amoslaki-logo-musta-uusi.png\",\"contentUrl\":\"https:\\\/\\\/amoslaki.fi\\\/wp-content\\\/uploads\\\/2019\\\/11\\\/amoslaki-logo-musta-uusi.png\",\"width\":1223,\"height\":662,\"caption\":\"Lakiasiaintoimisto Amos\"},\"image\":{\"@id\":\"https:\\\/\\\/amoslaki.fi\\\/#\\\/schema\\\/logo\\\/image\\\/\"},\"sameAs\":[\"https:\\\/\\\/www.facebook.com\\\/lakiamos\\\/\",\"https:\\\/\\\/www.instagram.com\\\/lakiamos\\\/\",\"https:\\\/\\\/www.linkedin.com\\\/company\\\/lakiasiaintoimisto-amos-oy\\\/\"]}]}<\/script>\n<!-- \/ Yoast SEO plugin. -->","yoast_head_json":{"title":"Change of family name - Amos Law Firm","description":"If done correctly, a generation-skipping transfer can bring significant tax advantages. Plan your generation-skipping transfer with us today.","robots":{"index":"index","follow":"follow","max-snippet":"max-snippet:-1","max-image-preview":"max-image-preview:large","max-video-preview":"max-video-preview:-1"},"canonical":"https:\/\/amoslaki.fi\/en\/generation-change\/","og_locale":"en_GB","og_type":"article","og_title":"Sukupolvenvaihdos &#8211; Asianajotoimisto Amos","og_description":"Oikein toteutetussa sukupolvenvaihdoksessa voidaan saavuttaa huomattavia verotuksellisia etuja. Suunnittele sukupolvenvaihdos meill\u00e4 jo t\u00e4n\u00e4\u00e4n.","og_url":"https:\/\/amoslaki.fi\/en\/generation-change\/","og_site_name":"Asianajotoimisto Amos","article_publisher":"https:\/\/www.facebook.com\/lakiamos\/","article_modified_time":"2026-03-16T08:16:27+00:00","twitter_card":"summary_large_image","twitter_misc":{"Estimated reading time":"4 minutes"},"schema":{"@context":"https:\/\/schema.org","@graph":[{"@type":"WebPage","@id":"https:\/\/amoslaki.fi\/sukupolvenvaihdos\/","url":"https:\/\/amoslaki.fi\/sukupolvenvaihdos\/","name":"Change of family name - Amos Law Firm","isPartOf":{"@id":"https:\/\/amoslaki.fi\/#website"},"datePublished":"2020-01-30T09:54:31+00:00","dateModified":"2026-03-16T08:16:27+00:00","description":"If done correctly, a generation-skipping transfer can bring significant tax advantages. Plan your generation-skipping transfer with us today.","breadcrumb":{"@id":"https:\/\/amoslaki.fi\/sukupolvenvaihdos\/#breadcrumb"},"inLanguage":"en-GB","potentialAction":[{"@type":"ReadAction","target":["https:\/\/amoslaki.fi\/sukupolvenvaihdos\/"]}]},{"@type":"BreadcrumbList","@id":"https:\/\/amoslaki.fi\/sukupolvenvaihdos\/#breadcrumb","itemListElement":[{"@type":"ListItem","position":1,"name":"Home","item":"https:\/\/amoslaki.fi\/"},{"@type":"ListItem","position":2,"name":"Sukupolvenvaihdos"}]},{"@type":"WebSite","@id":"https:\/\/amoslaki.fi\/#website","url":"https:\/\/amoslaki.fi\/","name":"Amos Law Office","description":"Caring legal service","publisher":{"@id":"https:\/\/amoslaki.fi\/#organization"},"potentialAction":[{"@type":"SearchAction","target":{"@type":"EntryPoint","urlTemplate":"https:\/\/amoslaki.fi\/?s={search_term_string}"},"query-input":{"@type":"PropertyValueSpecification","valueRequired":true,"valueName":"search_term_string"}}],"inLanguage":"en-GB"},{"@type":"Organization","@id":"https:\/\/amoslaki.fi\/#organization","name":"Amos Law Firm","url":"https:\/\/amoslaki.fi\/","logo":{"@type":"ImageObject","inLanguage":"en-GB","@id":"https:\/\/amoslaki.fi\/#\/schema\/logo\/image\/","url":"https:\/\/amoslaki.fi\/wp-content\/uploads\/2019\/11\/amoslaki-logo-musta-uusi.png","contentUrl":"https:\/\/amoslaki.fi\/wp-content\/uploads\/2019\/11\/amoslaki-logo-musta-uusi.png","width":1223,"height":662,"caption":"Lakiasiaintoimisto Amos"},"image":{"@id":"https:\/\/amoslaki.fi\/#\/schema\/logo\/image\/"},"sameAs":["https:\/\/www.facebook.com\/lakiamos\/","https:\/\/www.instagram.com\/lakiamos\/","https:\/\/www.linkedin.com\/company\/lakiasiaintoimisto-amos-oy\/"]}]}},"_links":{"self":[{"href":"https:\/\/amoslaki.fi\/en\/wp-json\/wp\/v2\/pages\/6665","targetHints":{"allow":["GET"]}}],"collection":[{"href":"https:\/\/amoslaki.fi\/en\/wp-json\/wp\/v2\/pages"}],"about":[{"href":"https:\/\/amoslaki.fi\/en\/wp-json\/wp\/v2\/types\/page"}],"author":[{"embeddable":true,"href":"https:\/\/amoslaki.fi\/en\/wp-json\/wp\/v2\/users\/19"}],"replies":[{"embeddable":true,"href":"https:\/\/amoslaki.fi\/en\/wp-json\/wp\/v2\/comments?post=6665"}],"version-history":[{"count":7,"href":"https:\/\/amoslaki.fi\/en\/wp-json\/wp\/v2\/pages\/6665\/revisions"}],"predecessor-version":[{"id":13668,"href":"https:\/\/amoslaki.fi\/en\/wp-json\/wp\/v2\/pages\/6665\/revisions\/13668"}],"wp:attachment":[{"href":"https:\/\/amoslaki.fi\/en\/wp-json\/wp\/v2\/media?parent=6665"}],"curies":[{"name":"wp","href":"https:\/\/api.w.org\/{rel}","templated":true}]}}