{"id":7024,"date":"2020-03-18T09:40:06","date_gmt":"2020-03-18T07:40:06","guid":{"rendered":"https:\/\/amoslaki.fi\/?page_id=7024"},"modified":"2026-03-16T10:16:39","modified_gmt":"2026-03-16T08:16:39","slug":"things-to-do-for-the-entrepreneur","status":"publish","type":"page","link":"https:\/\/amoslaki.fi\/en\/yrittajan-asiat\/","title":{"rendered":"Entrepreneur's issues"},"content":{"rendered":"<div class=\"et_pb_section_0 et_pb_section et_section_regular et_block_section\"><div class=\"et_pb_row_0 et_pb_row et_block_row\"><div class=\"et_pb_column_0 et_pb_column et_pb_column_3_5 et_block_column et_pb_css_mix_blend_mode_passthrough\"><div class=\"et_pb_text_0 et_pb_text et_pb_bg_layout_light et_pb_module et_block_module preset--module--divi-text--0e6b2603-537f-4c46-b342-f2a76e853477\"><div class=\"et_pb_text_inner\"><h1>For entrepreneurs<\/h1>\n<p>We serve domestic and foreign clients in all key areas of business law. We know and understand our clients' core business content and objectives.<\/p>\n<p>Our clients are SMEs and family businesses.<\/p>\n<\/div><\/div><div class=\"et_pb_text_1 et_pb_text et_pb_bg_layout_light et_pb_module et_block_module preset--module--divi-text--0e6b2603-537f-4c46-b342-f2a76e853477\"><div class=\"et_pb_text_inner\"><h2>Our services for entrepreneurs<\/h2>\n<p>&nbsp;<\/p>\n<h4><strong>Business law and general advice<\/strong><\/h4>\n<ul>\n<li>company law and the different types of company<\/li>\n<li>consumer protection<\/li>\n<li>data protection<\/li>\n<li>dispute resolution<\/li>\n<\/ul>\n<h4><strong>Business support<\/strong><\/h4>\n<ul>\n<li>mapping and opportunities<\/li>\n<li>application for emergency funding<\/li>\n<li>application for an innovation voucher<\/li>\n<\/ul>\n<h4><strong>Labour law<\/strong><\/h4>\n<ul>\n<li>employment relationships (from the beginning to the end of the employment relationship)<\/li>\n<li>working time<\/li>\n<li>the content and interpretation of collective agreements<\/li>\n<li>employer contributions<\/li>\n<li>YT Act<\/li>\n<\/ul>\n<h4><strong>Contract law<\/strong><\/h4>\n<ul>\n<li>company contracts<\/li>\n<li>supply contracts<\/li>\n<li>real estate and construction<\/li>\n<li>transport and traffic<\/li>\n<\/ul>\n<h4><strong>Taxation<\/strong><\/h4>\n<ul>\n<li>VAT<\/li>\n<li>corporate taxation<\/li>\n<li>personal taxation<\/li>\n<li>generation and ownership changes<\/li>\n<\/ul>\n<h4><strong>Insolvency\u00a0<\/strong><\/h4>\n<ul>\n<li>bankruptcy<\/li>\n<li>business restructuring<\/li>\n<li>debt settlement<\/li>\n<\/ul>\n<h4><strong>Environmental issues<\/strong><\/h4>\n<ul>\n<li>environmental protection<\/li>\n<li>environmental damage<\/li>\n<li>waste management<\/li>\n<li>regulatory obligations<\/li>\n<\/ul>\n<h4><strong>Social security for the self-employed<\/strong><\/h4>\n<ul>\n<li>pensions<\/li>\n<li>disease<\/li>\n<li>occupational health<\/li>\n<li>disability<\/li>\n<li>unemployment<\/li>\n<\/ul>\n<h4><strong>Entrepreneur's family affairs\u00a0<\/strong><\/h4>\n<ul>\n<li>prenup<\/li>\n<li>stratification<\/li>\n<li>Testament<\/li>\n<li>credentials<\/li>\n<\/ul>\n<h4><strong>Market and competition law<\/strong><\/h4>\n<ul>\n<li>competition<\/li>\n<li>public procurement<\/li>\n<\/ul>\n<h4><strong>Intellectual property and copyright<\/strong><\/h4>\n<ul>\n<li>Copyright<\/li>\n<li>IT law<\/li>\n<li>patents, trademarks, design protection, etc.<\/li>\n<\/ul>\n<p>&nbsp;<\/p>\n<\/div><\/div><\/div><div class=\"et_pb_column_1 et_pb_column et_pb_column_2_5 et-last-child et_block_column et_pb_css_mix_blend_mode_passthrough\"><div class=\"et_pb_blurb_0 et_pb_blurb et_pb_bg_layout_light et_pb_blurb_position_top et_pb_module et_block_module\"><div class=\"et_pb_blurb_content\"><div class=\"et_pb_main_blurb_image\"><span class=\"et_pb_image_wrap et_pb_only_image_mode_wrap\"><img loading=\"lazy\" decoding=\"async\" src=\"https:\/\/amoslaki.fi\/wp-content\/uploads\/2020\/10\/amos-yrityksille-20203.jpg\" width=\"1920\" height=\"1140\" srcset=\"https:\/\/amoslaki.fi\/wp-content\/uploads\/2020\/10\/amos-yrityksille-20203.jpg 1920w, https:\/\/amoslaki.fi\/wp-content\/uploads\/2020\/10\/amos-yrityksille-20203-1280x760.jpg 1280w, https:\/\/amoslaki.fi\/wp-content\/uploads\/2020\/10\/amos-yrityksille-20203-980x582.jpg 980w, https:\/\/amoslaki.fi\/wp-content\/uploads\/2020\/10\/amos-yrityksille-20203-480x285.jpg 480w\" sizes=\"(min-width: 0px) and (max-width: 480px) 480px, (min-width: 481px) and (max-width: 980px) 980px, (min-width: 981px) and (max-width: 1280px) 1280px, (min-width: 1281px) 1920px, 100vw\" class=\"et-waypoint et_pb_animation_top et_pb_animation_top_tablet et_pb_animation_top_phone wp-image-8293\" alt=\"Tuula Rainto\" \/><\/span><\/div><div class=\"et_pb_blurb_container\"><div class=\"et_pb_blurb_description\"><p>Tuula Rainto, <a href=\"mailto:tuula.rainto@amoslaki.fi\">tuula.rainto@amoslaki.fi<\/a>, <a href=\"tel:0451115577\">045 111 5577<\/a><\/p>\n<\/div><\/div><\/div><\/div><div class=\"et_pb_module et_pb_button_module_wrapper et_pb_button_0_wrapper\"><a class=\"et_pb_button_0 et_pb_button et_pb_bg_layout_light et_pb_module et_block_module\" href=\"https:\/\/amoslaki.fi\/en\/appointment-calendar\/\" target=\"_blank\" data-icon=\"\ue023\">Book a free initial assessment<\/a><\/div><div class=\"et_pb_module et_pb_button_module_wrapper et_pb_button_1_wrapper\"><a class=\"et_pb_button_1 et_pb_button et_pb_bg_layout_light et_pb_module et_block_module\" href=\"tel:+358102995090\" data-icon=\"\uf879\">Call us 010 299 5090<\/a><\/div><\/div><\/div><\/div>","protected":false},"excerpt":{"rendered":"","protected":false},"author":19,"featured_media":0,"parent":0,"menu_order":0,"comment_status":"closed","ping_status":"closed","template":"","meta":{"_acf_changed":false,"footnotes":""},"class_list":["post-7024","page","type-page","status-publish","hentry"],"acf":[],"yoast_head":"<!-- This site is optimized with the Yoast SEO plugin v27.3 - https:\/\/yoast.com\/product\/yoast-seo-wordpress\/ -->\n<title>Yritt\u00e4j\u00e4n asiat &#8211; Asianajotoimisto Amos<\/title>\n<meta name=\"description\" content=\"Yritt\u00e4j\u00e4n riskienhallintaan liittyy osana tieto sopimusten mahdollisuuksista ja riskeist\u00e4. Avustamme yritt\u00e4ji\u00e4 h\u00e4nen kulloisenkin el\u00e4m\u00e4ntilanteensa mukaisessa oikeudellisessa neuvonannossa.\" \/>\n<meta name=\"robots\" content=\"index, follow, max-snippet:-1, max-image-preview:large, max-video-preview:-1\" \/>\n<link rel=\"canonical\" href=\"https:\/\/amoslaki.fi\/en\/things-to-do-for-the-entrepreneur\/\" \/>\n<meta property=\"og:locale\" content=\"en_GB\" \/>\n<meta property=\"og:type\" content=\"article\" \/>\n<meta property=\"og:title\" content=\"Yritt\u00e4j\u00e4n asiat &#8211; Asianajotoimisto Amos\" \/>\n<meta property=\"og:description\" content=\"Yritt\u00e4j\u00e4n riskienhallintaan liittyy osana tieto sopimusten mahdollisuuksista ja riskeist\u00e4. Avustamme yritt\u00e4ji\u00e4 h\u00e4nen kulloisenkin el\u00e4m\u00e4ntilanteensa mukaisessa oikeudellisessa neuvonannossa.\" \/>\n<meta property=\"og:url\" content=\"https:\/\/amoslaki.fi\/en\/things-to-do-for-the-entrepreneur\/\" \/>\n<meta property=\"og:site_name\" content=\"Asianajotoimisto Amos\" \/>\n<meta property=\"article:publisher\" content=\"https:\/\/www.facebook.com\/lakiamos\/\" \/>\n<meta property=\"article:modified_time\" content=\"2026-03-16T08:16:39+00:00\" \/>\n<meta name=\"twitter:card\" content=\"summary_large_image\" \/>\n<script type=\"application\/ld+json\" class=\"yoast-schema-graph\">{\"@context\":\"https:\\\/\\\/schema.org\",\"@graph\":[{\"@type\":\"WebPage\",\"@id\":\"https:\\\/\\\/amoslaki.fi\\\/yrittajan-asiat\\\/\",\"url\":\"https:\\\/\\\/amoslaki.fi\\\/yrittajan-asiat\\\/\",\"name\":\"Yritt\u00e4j\u00e4n asiat &#8211; Asianajotoimisto Amos\",\"isPartOf\":{\"@id\":\"https:\\\/\\\/amoslaki.fi\\\/#website\"},\"datePublished\":\"2020-03-18T07:40:06+00:00\",\"dateModified\":\"2026-03-16T08:16:39+00:00\",\"description\":\"Yritt\u00e4j\u00e4n riskienhallintaan liittyy osana tieto sopimusten mahdollisuuksista ja riskeist\u00e4. Avustamme yritt\u00e4ji\u00e4 h\u00e4nen kulloisenkin el\u00e4m\u00e4ntilanteensa mukaisessa oikeudellisessa neuvonannossa.\",\"breadcrumb\":{\"@id\":\"https:\\\/\\\/amoslaki.fi\\\/yrittajan-asiat\\\/#breadcrumb\"},\"inLanguage\":\"en-GB\",\"potentialAction\":[{\"@type\":\"ReadAction\",\"target\":[\"https:\\\/\\\/amoslaki.fi\\\/yrittajan-asiat\\\/\"]}]},{\"@type\":\"BreadcrumbList\",\"@id\":\"https:\\\/\\\/amoslaki.fi\\\/yrittajan-asiat\\\/#breadcrumb\",\"itemListElement\":[{\"@type\":\"ListItem\",\"position\":1,\"name\":\"Home\",\"item\":\"https:\\\/\\\/amoslaki.fi\\\/\"},{\"@type\":\"ListItem\",\"position\":2,\"name\":\"Yritt\u00e4j\u00e4n asiat\"}]},{\"@type\":\"WebSite\",\"@id\":\"https:\\\/\\\/amoslaki.fi\\\/#website\",\"url\":\"https:\\\/\\\/amoslaki.fi\\\/\",\"name\":\"Asianajotoimisto Amos\",\"description\":\"Huolehtivaa lakipalvelua\",\"publisher\":{\"@id\":\"https:\\\/\\\/amoslaki.fi\\\/#organization\"},\"potentialAction\":[{\"@type\":\"SearchAction\",\"target\":{\"@type\":\"EntryPoint\",\"urlTemplate\":\"https:\\\/\\\/amoslaki.fi\\\/?s={search_term_string}\"},\"query-input\":{\"@type\":\"PropertyValueSpecification\",\"valueRequired\":true,\"valueName\":\"search_term_string\"}}],\"inLanguage\":\"en-GB\"},{\"@type\":\"Organization\",\"@id\":\"https:\\\/\\\/amoslaki.fi\\\/#organization\",\"name\":\"Lakiasiaintoimisto Amos\",\"url\":\"https:\\\/\\\/amoslaki.fi\\\/\",\"logo\":{\"@type\":\"ImageObject\",\"inLanguage\":\"en-GB\",\"@id\":\"https:\\\/\\\/amoslaki.fi\\\/#\\\/schema\\\/logo\\\/image\\\/\",\"url\":\"https:\\\/\\\/amoslaki.fi\\\/wp-content\\\/uploads\\\/2019\\\/11\\\/amoslaki-logo-musta-uusi.png\",\"contentUrl\":\"https:\\\/\\\/amoslaki.fi\\\/wp-content\\\/uploads\\\/2019\\\/11\\\/amoslaki-logo-musta-uusi.png\",\"width\":1223,\"height\":662,\"caption\":\"Lakiasiaintoimisto Amos\"},\"image\":{\"@id\":\"https:\\\/\\\/amoslaki.fi\\\/#\\\/schema\\\/logo\\\/image\\\/\"},\"sameAs\":[\"https:\\\/\\\/www.facebook.com\\\/lakiamos\\\/\",\"https:\\\/\\\/www.instagram.com\\\/lakiamos\\\/\",\"https:\\\/\\\/www.linkedin.com\\\/company\\\/lakiasiaintoimisto-amos-oy\\\/\"]}]}<\/script>\n<!-- \/ Yoast SEO plugin. -->","yoast_head_json":{"title":"Entrepreneurial matters - Amos Law Office","description":"Part of the entrepreneur's risk management is an awareness of the opportunities and risks of contracts. We assist entrepreneurs with legal advice tailored to their particular circumstances.","robots":{"index":"index","follow":"follow","max-snippet":"max-snippet:-1","max-image-preview":"max-image-preview:large","max-video-preview":"max-video-preview:-1"},"canonical":"https:\/\/amoslaki.fi\/en\/things-to-do-for-the-entrepreneur\/","og_locale":"en_GB","og_type":"article","og_title":"Yritt\u00e4j\u00e4n asiat &#8211; Asianajotoimisto Amos","og_description":"Yritt\u00e4j\u00e4n riskienhallintaan liittyy osana tieto sopimusten mahdollisuuksista ja riskeist\u00e4. Avustamme yritt\u00e4ji\u00e4 h\u00e4nen kulloisenkin el\u00e4m\u00e4ntilanteensa mukaisessa oikeudellisessa neuvonannossa.","og_url":"https:\/\/amoslaki.fi\/en\/things-to-do-for-the-entrepreneur\/","og_site_name":"Asianajotoimisto Amos","article_publisher":"https:\/\/www.facebook.com\/lakiamos\/","article_modified_time":"2026-03-16T08:16:39+00:00","twitter_card":"summary_large_image","schema":{"@context":"https:\/\/schema.org","@graph":[{"@type":"WebPage","@id":"https:\/\/amoslaki.fi\/yrittajan-asiat\/","url":"https:\/\/amoslaki.fi\/yrittajan-asiat\/","name":"Entrepreneurial matters - Amos Law Office","isPartOf":{"@id":"https:\/\/amoslaki.fi\/#website"},"datePublished":"2020-03-18T07:40:06+00:00","dateModified":"2026-03-16T08:16:39+00:00","description":"Part of the entrepreneur's risk management is an awareness of the opportunities and risks of contracts. We assist entrepreneurs with legal advice tailored to their particular circumstances.","breadcrumb":{"@id":"https:\/\/amoslaki.fi\/yrittajan-asiat\/#breadcrumb"},"inLanguage":"en-GB","potentialAction":[{"@type":"ReadAction","target":["https:\/\/amoslaki.fi\/yrittajan-asiat\/"]}]},{"@type":"BreadcrumbList","@id":"https:\/\/amoslaki.fi\/yrittajan-asiat\/#breadcrumb","itemListElement":[{"@type":"ListItem","position":1,"name":"Home","item":"https:\/\/amoslaki.fi\/"},{"@type":"ListItem","position":2,"name":"Yritt\u00e4j\u00e4n asiat"}]},{"@type":"WebSite","@id":"https:\/\/amoslaki.fi\/#website","url":"https:\/\/amoslaki.fi\/","name":"Amos Law Office","description":"Caring legal service","publisher":{"@id":"https:\/\/amoslaki.fi\/#organization"},"potentialAction":[{"@type":"SearchAction","target":{"@type":"EntryPoint","urlTemplate":"https:\/\/amoslaki.fi\/?s={search_term_string}"},"query-input":{"@type":"PropertyValueSpecification","valueRequired":true,"valueName":"search_term_string"}}],"inLanguage":"en-GB"},{"@type":"Organization","@id":"https:\/\/amoslaki.fi\/#organization","name":"Amos Law Firm","url":"https:\/\/amoslaki.fi\/","logo":{"@type":"ImageObject","inLanguage":"en-GB","@id":"https:\/\/amoslaki.fi\/#\/schema\/logo\/image\/","url":"https:\/\/amoslaki.fi\/wp-content\/uploads\/2019\/11\/amoslaki-logo-musta-uusi.png","contentUrl":"https:\/\/amoslaki.fi\/wp-content\/uploads\/2019\/11\/amoslaki-logo-musta-uusi.png","width":1223,"height":662,"caption":"Lakiasiaintoimisto Amos"},"image":{"@id":"https:\/\/amoslaki.fi\/#\/schema\/logo\/image\/"},"sameAs":["https:\/\/www.facebook.com\/lakiamos\/","https:\/\/www.instagram.com\/lakiamos\/","https:\/\/www.linkedin.com\/company\/lakiasiaintoimisto-amos-oy\/"]}]}},"_links":{"self":[{"href":"https:\/\/amoslaki.fi\/en\/wp-json\/wp\/v2\/pages\/7024","targetHints":{"allow":["GET"]}}],"collection":[{"href":"https:\/\/amoslaki.fi\/en\/wp-json\/wp\/v2\/pages"}],"about":[{"href":"https:\/\/amoslaki.fi\/en\/wp-json\/wp\/v2\/types\/page"}],"author":[{"embeddable":true,"href":"https:\/\/amoslaki.fi\/en\/wp-json\/wp\/v2\/users\/19"}],"replies":[{"embeddable":true,"href":"https:\/\/amoslaki.fi\/en\/wp-json\/wp\/v2\/comments?post=7024"}],"version-history":[{"count":4,"href":"https:\/\/amoslaki.fi\/en\/wp-json\/wp\/v2\/pages\/7024\/revisions"}],"predecessor-version":[{"id":13681,"href":"https:\/\/amoslaki.fi\/en\/wp-json\/wp\/v2\/pages\/7024\/revisions\/13681"}],"wp:attachment":[{"href":"https:\/\/amoslaki.fi\/en\/wp-json\/wp\/v2\/media?parent=7024"}],"curies":[{"name":"wp","href":"https:\/\/api.w.org\/{rel}","templated":true}]}}